{"id":2912,"date":"2020-01-05T21:03:07","date_gmt":"2020-01-05T21:03:07","guid":{"rendered":"https:\/\/kolver-turkiye.com\/?post_type=product&#038;p=2912"},"modified":"2024-05-14T13:35:17","modified_gmt":"2024-05-14T13:35:17","slug":"otomatik-makineler","status":"publish","type":"product","link":"https:\/\/kolver-turkiye.com\/?product=otomatik-makineler","title":{"rendered":"Otomatik Makineler"},"content":{"rendered":"<p><span>Otomatik beslemeli el tornavidalar\u0131 ve sabit vidalama \u00fcniteleri montaj otomasyonunun ilk ad\u0131m\u0131n\u0131 temsil eder.\u00a0<\/span><span>Vida veya somunun otomatik olarak s\u00fcr\u00fcc\u00fc penset kafas\u0131na beslendi\u011fi basit ve g\u00fcvenilir sistemlerdir.\u00a0<\/span><span>Manuel sistemde de bulunan otomatik inme, operat\u00f6r\u00fcn yorgunlu\u011funu azalt\u0131r ve montaj h\u0131z\u0131n\u0131 ve verimlili\u011fi \u00f6nemli \u00f6l\u00e7\u00fcde art\u0131r\u0131r.\u00a0<\/span><span>Makine ve kendinden k\u0131lavuzlu vidalar\u0131, somunlar\u0131, saplamalar\u0131 ve rondelal\u0131 veya rondelas\u0131z di\u011fer di\u015fli ba\u011flant\u0131 elemanlar\u0131n\u0131 besleyebilir ve s\u0131kabilirsiniz.\u00a0<\/span><span>\u00c7ok milli s\u0131kma uygulamalar\u0131 montaj sonu\u00e7lar\u0131n\u0131 iyile\u015ftirir ve verimlili\u011fi artt\u0131r\u0131r.\u00a0<\/span><span>Kolver, uygulamaya ve m\u00fc\u015fteri gereksinimlerine ba\u011fl\u0131 olarak dikey veya yatay y\u00f6nde yap\u0131land\u0131r\u0131labilen \u00f6zel olarak tasarlanm\u0131\u015f \u00e7ok milli ekipman olu\u015fturur.\u00a0<\/span><span>Tasar\u0131mlar operat\u00f6r girdisini i\u00e7erebilir veya tamamen otomatik olabilir.\u00a0<\/span><span>\u0130\u011fler, s\u0131ral\u0131, 90 \u00b0 a\u00e7\u0131l\u0131 veya \u00f6zel ofset tahrikler kullan\u0131larak herhangi bir c\u0131vata modelini bar\u0131nd\u0131racak ve e\u015fle\u015fecek \u015fekilde monte edilebilir ve d\u00fczenlenebilir.\u00a0<\/span><span>Kolver \u00e7ok milli s\u0131kma sistemleri, mil senkronizasyonu, operat\u00f6r geri bildirimi ve hata \u00f6nleme \u00e7\u00f6z\u00fcmleri sunar.\u00a0<\/span><span>Daha fazla bilgi ve \u00fccretsiz fiyat teklifi i\u00e7in l\u00fctfen KOLVER teknik departman\u0131na ba\u015fvurun.<\/span><\/p>\n<table>\n<thead class=\"hidden-xs hidden-sm\">\n<tr>\n<th><span>model<\/span><\/th>\n<th><span>tip<\/span><\/th>\n<th><span>H\u0131z Devri<\/span><\/th>\n<th><span>Vida sap\u0131 \u00e7ap\u0131<\/span><\/th>\n<th><span>d\u00f6nme momenti<\/span><\/th>\n<th><span>Vida uzunlu\u011fu<\/span><\/th>\n<th><span>Mil say\u0131s\u0131<\/span><\/th>\n<\/tr>\n<\/thead>\n<tbody>\n<tr>\n<td><span>AUTB100<\/span><\/td>\n<td><span>El tornavidas\u0131<\/span><\/td>\n<td><span>200-1000 RPM<\/span><\/td>\n<td><span>1,4-6,0 mm<\/span><\/td>\n<td><span>0,05-10 Nm<\/span><\/td>\n<td><span>En fazla 80<\/span><\/td>\n<td><\/td>\n<\/tr>\n<tr>\n<td><span>AUTF10X<\/span><\/td>\n<td><span>Sabit vidalama somunu<\/span><\/td>\n<td><span>200-1500 RPM<\/span><\/td>\n<td><span>1,4-10 mm<\/span><\/td>\n<td><span>0,05-25 Nm<\/span><\/td>\n<td><span>En fazla 80<\/span><\/td>\n<td><span>1-10<\/span><\/td>\n<\/tr>\n<\/tbody>\n<\/table>\n","protected":false},"excerpt":{"rendered":"<p>Otomatik beslemeli el tornavidalar\u0131 ve sabit vidalama \u00fcniteleri montaj otomasyonunun ilk ad\u0131m\u0131n\u0131 temsil eder.\u00a0Vida veya somunun otomatik olarak s\u00fcr\u00fcc\u00fc penset<\/p>\n","protected":false},"featured_media":2913,"comment_status":"open","ping_status":"closed","template":"","meta":[],"product_cat":[15],"product_tag":[],"_links":{"self":[{"href":"https:\/\/kolver-turkiye.com\/index.php?rest_route=\/wp\/v2\/product\/2912"}],"collection":[{"href":"https:\/\/kolver-turkiye.com\/index.php?rest_route=\/wp\/v2\/product"}],"about":[{"href":"https:\/\/kolver-turkiye.com\/index.php?rest_route=\/wp\/v2\/types\/product"}],"replies":[{"embeddable":true,"href":"https:\/\/kolver-turkiye.com\/index.php?rest_route=%2Fwp%2Fv2%2Fcomments&post=2912"}],"wp:featuredmedia":[{"embeddable":true,"href":"https:\/\/kolver-turkiye.com\/index.php?rest_route=\/wp\/v2\/media\/2913"}],"wp:attachment":[{"href":"https:\/\/kolver-turkiye.com\/index.php?rest_route=%2Fwp%2Fv2%2Fmedia&parent=2912"}],"wp:term":[{"taxonomy":"product_cat","embeddable":true,"href":"https:\/\/kolver-turkiye.com\/index.php?rest_route=%2Fwp%2Fv2%2Fproduct_cat&post=2912"},{"taxonomy":"product_tag","embeddable":true,"href":"https:\/\/kolver-turkiye.com\/index.php?rest_route=%2Fwp%2Fv2%2Fproduct_tag&post=2912"}],"curies":[{"name":"wp","href":"https:\/\/api.w.org\/{rel}","templated":true}]}}