{"id":2904,"date":"2020-01-05T20:48:43","date_gmt":"2020-01-05T20:48:43","guid":{"rendered":"https:\/\/kolver-turkiye.com\/?post_type=product&#038;p=2904"},"modified":"2024-05-14T13:35:17","modified_gmt":"2024-05-14T13:35:17","slug":"otomatik-vida-tedarikcisi","status":"publish","type":"product","link":"https:\/\/kolver-turkiye.com\/?product=otomatik-vida-tedarikcisi","title":{"rendered":"Otomatik Vida Dizicileri"},"content":{"rendered":"<p><span>Otomatik vida tedarik\u00e7isi NFK serisi, vidalar\u0131 arka arkaya almak i\u00e7in basit ama en etkili bir cihazd\u0131r.\u00a0Viday\u0131 m\u0131knat\u0131slamak i\u00e7in m\u0131knat\u0131slanm\u0131\u015f bir bit gereklidir.<\/span><\/p>\n<p><span>Yeni besleyiciler, model NFK-Nxx (xx vida boyutu anlam\u0131na gelir), raylar aras\u0131nda de\u011fi\u015ftirilebilir ara par\u00e7alar (ara par\u00e7alar boyutu: 1,3 mm ila 5,3 mm) ile birlikte verilir.<\/span><br \/>\n<span>Bu, ara par\u00e7alar\u0131n stokta bulunmas\u0131yla, her zaman stokta t\u00fcm besleyicilere sahip olmak gibi bir \u015fey oldu\u011fu anlam\u0131na gelir.\u00a0Ayr\u0131ca, istenen ray geni\u015fli\u011fine ula\u015fmak i\u00e7in ara par\u00e7alar\u0131 birle\u015ftirebilirsiniz.<\/span><\/p>\n<p><span>Talep \u00fczerine, 1.2 ve 5 mm aras\u0131nda se\u00e7ti\u011finiz herhangi bir vida boyutu i\u00e7in \u00f6nceden ayarlanm\u0131\u015f de\u011fi\u015ftirilebilir ray montaj\u0131 tedarik ederiz.<\/span><\/p>\n<p>&nbsp;<\/p>\n<table>\n<thead class=\"hidden-xs hidden-sm\">\n<tr>\n<th><span>model<\/span><\/th>\n<th><span>kod<\/span><\/th>\n<th><span>Vida sap\u0131 maks<\/span><\/th>\n<th><span>Vida uzunlu\u011fu min \/ maks<\/span><\/th>\n<\/tr>\n<\/thead>\n<tbody>\n<tr>\n<td><span>NFK N14<\/span><br \/>\n<a href=\"https:\/\/kolver.it\/upl\/Manual%20NFK-Nxx%20ITA%20ENG.pdf\" target=\"_blank\" rel=\"noopener noreferrer\"><img loading=\"lazy\" title=\"El Kitab\u0131 NFK-Nxx ITA ENG\" src=\"https:\/\/kolver.it\/images\/icons\/acrobat_icon.gif\" alt=\"El Kitab\u0131 NFK-Nxx ITA ENG\" width=\"16\" height=\"16\" \/><\/a><\/td>\n<td><span>014514<\/span><\/td>\n<td><span>1,4<\/span><\/td>\n<td><span>1,4 \/ 20<\/span><\/td>\n<\/tr>\n<tr>\n<td><span>NFK N17<\/span><br \/>\n<a href=\"https:\/\/kolver.it\/upl\/Manual%20NFK-Nxx%20ITA%20ENG.pdf\" target=\"_blank\" rel=\"noopener noreferrer\"><img loading=\"lazy\" title=\"El Kitab\u0131 NFK-Nxx ITA ENG\" src=\"https:\/\/kolver.it\/images\/icons\/acrobat_icon.gif\" alt=\"El Kitab\u0131 NFK-Nxx ITA ENG\" width=\"16\" height=\"16\" \/><\/a><\/td>\n<td><span>014517<\/span><\/td>\n<td><span>1,7<\/span><\/td>\n<td><span>1,7 \/ 20<\/span><\/td>\n<\/tr>\n<tr>\n<td><span>NFK N20<\/span><br \/>\n<a href=\"https:\/\/kolver.it\/upl\/Manual%20NFK-Nxx%20ITA%20ENG.pdf\" target=\"_blank\" rel=\"noopener noreferrer\"><img loading=\"lazy\" title=\"El Kitab\u0131 NFK-Nxx ITA ENG\" src=\"https:\/\/kolver.it\/images\/icons\/acrobat_icon.gif\" alt=\"El Kitab\u0131 NFK-Nxx ITA ENG\" width=\"16\" height=\"16\" \/><\/a><\/td>\n<td><span>014520<\/span><\/td>\n<td><span>2,0<\/span><\/td>\n<td><span>2,0 \/ 20<\/span><\/td>\n<\/tr>\n<tr>\n<td><span>NFK N23<\/span><br \/>\n<a href=\"https:\/\/kolver.it\/upl\/Manual%20NFK-Nxx%20ITA%20ENG.pdf\" target=\"_blank\" rel=\"noopener noreferrer\"><img loading=\"lazy\" title=\"El Kitab\u0131 NFK-Nxx ITA ENG\" src=\"https:\/\/kolver.it\/images\/icons\/acrobat_icon.gif\" alt=\"El Kitab\u0131 NFK-Nxx ITA ENG\" width=\"16\" height=\"16\" \/><\/a><\/td>\n<td><span>014523<\/span><\/td>\n<td><span>2,3<\/span><\/td>\n<td><span>2,3 \/ 20<\/span><\/td>\n<\/tr>\n<tr>\n<td><span>NFK N26<\/span><br \/>\n<a href=\"https:\/\/kolver.it\/upl\/Manual%20NFK-Nxx%20ITA%20ENG.pdf\" target=\"_blank\" rel=\"noopener noreferrer\"><img loading=\"lazy\" title=\"El Kitab\u0131 NFK-Nxx ITA ENG\" src=\"https:\/\/kolver.it\/images\/icons\/acrobat_icon.gif\" alt=\"El Kitab\u0131 NFK-Nxx ITA ENG\" width=\"16\" height=\"16\" \/><\/a><\/td>\n<td><span>014526<\/span><\/td>\n<td><span>2,6<\/span><\/td>\n<td><span>2,6 \/ 20<\/span><\/td>\n<\/tr>\n<tr>\n<td><span>NFK N30<\/span><br \/>\n<a href=\"https:\/\/kolver.it\/upl\/Manual%20NFK-Nxx%20ITA%20ENG.pdf\" target=\"_blank\" rel=\"noopener noreferrer\"><img loading=\"lazy\" title=\"El Kitab\u0131 NFK-Nxx ITA ENG\" src=\"https:\/\/kolver.it\/images\/icons\/acrobat_icon.gif\" alt=\"El Kitab\u0131 NFK-Nxx ITA ENG\" width=\"16\" height=\"16\" \/><\/a><\/td>\n<td><span>014530<\/span><\/td>\n<td><span>3,0<\/span><\/td>\n<td><span>3,0 \/ 20<\/span><\/td>\n<\/tr>\n<tr>\n<td><span>NFK N35<\/span><br \/>\n<a href=\"https:\/\/kolver.it\/upl\/Manual%20NFK-Nxx%20ITA%20ENG.pdf\" target=\"_blank\" rel=\"noopener noreferrer\"><img loading=\"lazy\" title=\"El Kitab\u0131 NFK-Nxx ITA ENG\" src=\"https:\/\/kolver.it\/images\/icons\/acrobat_icon.gif\" alt=\"El Kitab\u0131 NFK-Nxx ITA ENG\" width=\"16\" height=\"16\" \/><\/a><\/td>\n<td><span>014535<\/span><\/td>\n<td><span>3,5<\/span><\/td>\n<td><span>3,5 \/ 20<\/span><\/td>\n<\/tr>\n<tr>\n<td><span>NFK N40<\/span><br \/>\n<a href=\"https:\/\/kolver.it\/upl\/Manual%20NFK-Nxx%20ITA%20ENG.pdf\" target=\"_blank\" rel=\"noopener noreferrer\"><img loading=\"lazy\" title=\"El Kitab\u0131 NFK-Nxx ITA ENG\" src=\"https:\/\/kolver.it\/images\/icons\/acrobat_icon.gif\" alt=\"El Kitab\u0131 NFK-Nxx ITA ENG\" width=\"16\" height=\"16\" \/><\/a><\/td>\n<td><span>014540<\/span><\/td>\n<td><span>4,0<\/span><\/td>\n<td><span>4,0 \/ 20<\/span><\/td>\n<\/tr>\n<tr>\n<td><span>NFK N50<\/span><br \/>\n<a href=\"https:\/\/kolver.it\/upl\/Manual%20NFK-Nxx%20ITA%20ENG.pdf\" target=\"_blank\" rel=\"noopener noreferrer\"><img loading=\"lazy\" title=\"El Kitab\u0131 NFK-Nxx ITA ENG\" src=\"https:\/\/kolver.it\/images\/icons\/acrobat_icon.gif\" alt=\"El Kitab\u0131 NFK-Nxx ITA ENG\" width=\"16\" height=\"16\" \/><\/a><\/td>\n<td><span>014550<\/span><\/td>\n<td><span>5,0<\/span><\/td>\n<td><span>5,0 \/ 20<\/span><\/td>\n<\/tr>\n<tr>\n<td><span>NFK UNI<\/span><br \/>\n<a href=\"https:\/\/kolver.it\/upl\/Manual%20NFK-UNI%20ITA%20ENG.pdf\" target=\"_blank\" rel=\"noopener noreferrer\"><img loading=\"lazy\" title=\"El Kitab\u0131 NFK-UNI ITA ENG\" src=\"https:\/\/kolver.it\/images\/icons\/acrobat_icon.gif\" alt=\"El Kitab\u0131 NFK-UNI ITA ENG\" width=\"16\" height=\"16\" \/><\/a><\/td>\n<td><span>014705<\/span><\/td>\n<td><span>1,4-5,0<\/span><\/td>\n<td><span>20<\/span><\/td>\n<\/tr>\n<tr>\n<td><span>NFK Nxx \/ RS<\/span><br \/>\n<a href=\"https:\/\/kolver.it\/upl\/Manual%20NFK-RS%20ITA%20ENG.pdf\" target=\"_blank\" rel=\"noopener noreferrer\"><img loading=\"lazy\" title=\"El Kitab\u0131 NFK-RS ITA ENG\" src=\"https:\/\/kolver.it\/images\/icons\/acrobat_icon.gif\" alt=\"El Kitab\u0131 NFK-RS ITA ENG\" width=\"16\" height=\"16\" \/><\/a><\/td>\n<td><span>0145xx \/ RS<\/span><\/td>\n<td><span>istek \u00fczerine 1,2 mm&#8217;den 5 mm&#8217;ye<\/span><\/td>\n<td><span>20<\/span><\/td>\n<\/tr>\n<\/tbody>\n<\/table>\n","protected":false},"excerpt":{"rendered":"<div class=\"column_attr\"><a class=\"button button_left button_blue button_js kill_the_icon\" href=\"https:\/\/kolver.it\/upl\/Catalog%20-%20Screw%20Feeders.pdf\" target=\"_blank\" rel=\"noopener noreferrer\"><span class=\"button_label\"><span>KATALOG &#8211; V\u0130DALI BESLEY\u0130C\u0130LER<\/span><\/span><\/a><br \/>\n<a class=\"button button_left button_blue button_js kill_the_icon\" href=\"https:\/\/kolver.it\/upl\/MANUAL%20-%20SCREW%20FEEDERS.pdf\" target=\"_blank\" rel=\"noopener noreferrer\"><i class=\"icon-chart-line\"><\/i><span class=\"button_label\"><span>MANUEL &#8211; V\u0130DA BESLEY\u0130C\u0130LER\u0130<\/span><\/span><\/a><br \/>\n<a class=\"button button_left button_blue button_js kill_the_icon\" href=\"https:\/\/kolver.it\/upl\/Sicurezza_Warning%20(1).pdf\" target=\"_blank\" rel=\"noopener noreferrer\"><i class=\"icon-info\"><\/i><span class=\"button_label\"><span>G\u00dcVENL\u0130K TAL\u0130MATLARI<\/span><\/span><\/a><\/div>\n","protected":false},"featured_media":2905,"comment_status":"open","ping_status":"closed","template":"","meta":[],"product_cat":[15],"product_tag":[],"_links":{"self":[{"href":"https:\/\/kolver-turkiye.com\/index.php?rest_route=\/wp\/v2\/product\/2904"}],"collection":[{"href":"https:\/\/kolver-turkiye.com\/index.php?rest_route=\/wp\/v2\/product"}],"about":[{"href":"https:\/\/kolver-turkiye.com\/index.php?rest_route=\/wp\/v2\/types\/product"}],"replies":[{"embeddable":true,"href":"https:\/\/kolver-turkiye.com\/index.php?rest_route=%2Fwp%2Fv2%2Fcomments&post=2904"}],"wp:featuredmedia":[{"embeddable":true,"href":"https:\/\/kolver-turkiye.com\/index.php?rest_route=\/wp\/v2\/media\/2905"}],"wp:attachment":[{"href":"https:\/\/kolver-turkiye.com\/index.php?rest_route=%2Fwp%2Fv2%2Fmedia&parent=2904"}],"wp:term":[{"taxonomy":"product_cat","embeddable":true,"href":"https:\/\/kolver-turkiye.com\/index.php?rest_route=%2Fwp%2Fv2%2Fproduct_cat&post=2904"},{"taxonomy":"product_tag","embeddable":true,"href":"https:\/\/kolver-turkiye.com\/index.php?rest_route=%2Fwp%2Fv2%2Fproduct_tag&post=2904"}],"curies":[{"name":"wp","href":"https:\/\/api.w.org\/{rel}","templated":true}]}}