{"id":2900,"date":"2020-01-05T20:38:50","date_gmt":"2020-01-05T20:38:50","guid":{"rendered":"https:\/\/kolver-turkiye.com\/?post_type=product&#038;p=2900"},"modified":"2025-05-15T17:41:13","modified_gmt":"2025-05-15T17:41:13","slug":"acc-serisi","status":"publish","type":"product","link":"https:\/\/kolver-turkiye.com\/?product=acc-serisi","title":{"rendered":"ACC Serisi"},"content":{"rendered":"<p>ACC tornavidalar, otomatik g\u00fc\u00e7 kesme ve AC-DC do\u011frultucu i\u00e7in dahili PCB&#8217;ye sahip 230V do\u011frudan tak\u0131labilir tak\u0131mlard\u0131r.\u00a0Ayr\u0131 bir kontrol \u00fcnitesine ihtiya\u00e7 duymad\u0131klar\u0131 i\u00e7in, operat\u00f6r\u00fcn aleti s\u0131k s\u0131k bir \u00e7al\u0131\u015fma yerinden di\u011ferine kayd\u0131rmas\u0131 gereken t\u00fcm uygulamalar i\u00e7in belirtilir.\u00a0ACC s\u00fcr\u00fcc\u00fcleri, herhangi bir operat\u00f6r\u00fcn se\u00e7imine uyacak \u015fekilde, bir d\u00fc\u011fme dokunu\u015funda se\u00e7ilebilir basma veya basma ve kol ba\u015flatma \u00f6zelli\u011fine sahiptir.\u00a0\u00d6NEML\u0130: Tork aral\u0131\u011f\u0131n\u0131n% 80&#8217;inden fazla s\u00fcrekli kullan\u0131lmas\u0131 \u00f6nerilmez.<\/p>\n<p>&nbsp;<\/p>\n<table>\n<thead class=\"hidden-xs hidden-sm\">\n<tr>\n<th>model<\/th>\n<th>kod<\/th>\n<th>Kapasite<\/th>\n<th>Tork Nm<\/th>\n<th>H\u0131z Devri<\/th>\n<th>Gerilim DC<\/th>\n<th>U x \u00d8 mm<\/th>\n<th>Kilogram.<\/th>\n<th>kontrol\u00f6r<\/th>\n<\/tr>\n<\/thead>\n<tbody>\n<tr>\n<td>ACC2210<br \/>\n<a href=\"https:\/\/kolver.it\/upl\/Manual%20%20ACC%202019%20ENG%20110V.pdf\" target=\"_blank\" rel=\"noopener noreferrer\"><img loading=\"lazy\" title=\"Manuel ACC 2019 ENG 110V\" src=\"https:\/\/kolver.it\/images\/icons\/acrobat_icon.gif\" alt=\"Manuel ACC 2019 ENG 110V\" width=\"16\" height=\"16\" \/><\/a>\u00a0<a href=\"https:\/\/kolver.it\/upl\/Manual%20%20ACC%202019%20ENG.pdf\" target=\"_blank\" rel=\"noopener noreferrer\"><img loading=\"lazy\" title=\"El Kitab\u0131 ACC 2019 TUR\" src=\"https:\/\/kolver.it\/images\/icons\/acrobat_icon.gif\" alt=\"El Kitab\u0131 ACC 2019 TUR\" width=\"16\" height=\"16\" \/><\/a><\/td>\n<td>141910<\/td>\n<td>M3<\/td>\n<td>0,2-1,0<\/td>\n<td>950<\/td>\n<td>230V<\/td>\n<td>35 x 255<\/td>\n<td>0750<\/td>\n<td>G\u00f6mme<\/td>\n<\/tr>\n<tr>\n<td>ACC2220<br \/>\n<a href=\"https:\/\/kolver.it\/upl\/Manual%20%20ACC%202019%20ENG%20110V.pdf\" target=\"_blank\" rel=\"noopener noreferrer\"><img loading=\"lazy\" title=\"Manuel ACC 2019 ENG 110V\" src=\"https:\/\/kolver.it\/images\/icons\/acrobat_icon.gif\" alt=\"Manuel ACC 2019 ENG 110V\" width=\"16\" height=\"16\" \/><\/a>\u00a0<a href=\"https:\/\/kolver.it\/upl\/Manual%20%20ACC%202019%20ENG.pdf\" target=\"_blank\" rel=\"noopener noreferrer\"><img loading=\"lazy\" title=\"El Kitab\u0131 ACC 2019 TUR\" src=\"https:\/\/kolver.it\/images\/icons\/acrobat_icon.gif\" alt=\"El Kitab\u0131 ACC 2019 TUR\" width=\"16\" height=\"16\" \/><\/a><\/td>\n<td>141920<\/td>\n<td>M4<\/td>\n<td>0,7-2,0<\/td>\n<td>950<\/td>\n<td>230V<\/td>\n<td>35 x 255<\/td>\n<td>0800<\/td>\n<td>G\u00f6mme<\/td>\n<\/tr>\n<tr>\n<td>ACC2222<br \/>\n<a href=\"https:\/\/kolver.it\/upl\/Manual%20%20ACC%202019%20ENG%20110V.pdf\" target=\"_blank\" rel=\"noopener noreferrer\"><img loading=\"lazy\" title=\"Manuel ACC 2019 ENG 110V\" src=\"https:\/\/kolver.it\/images\/icons\/acrobat_icon.gif\" alt=\"Manuel ACC 2019 ENG 110V\" width=\"16\" height=\"16\" \/><\/a>\u00a0<a href=\"https:\/\/kolver.it\/upl\/Manual%20%20ACC%202019%20ENG.pdf\" target=\"_blank\" rel=\"noopener noreferrer\"><img loading=\"lazy\" title=\"El Kitab\u0131 ACC 2019 TUR\" src=\"https:\/\/kolver.it\/images\/icons\/acrobat_icon.gif\" alt=\"El Kitab\u0131 ACC 2019 TUR\" width=\"16\" height=\"16\" \/><\/a><\/td>\n<td>151222<\/td>\n<td>M4<\/td>\n<td>0,9-2,0<\/td>\n<td>2400<\/td>\n<td>230V<\/td>\n<td>38 x 265<\/td>\n<td>0850<\/td>\n<td>G\u00f6mme<\/td>\n<\/tr>\n<tr>\n<td>ACC2230<br \/>\n<a href=\"https:\/\/kolver.it\/upl\/Manual%20%20ACC%202019%20ENG%20110V.pdf\" target=\"_blank\" rel=\"noopener noreferrer\"><img loading=\"lazy\" title=\"Manuel ACC 2019 ENG 110V\" src=\"https:\/\/kolver.it\/images\/icons\/acrobat_icon.gif\" alt=\"Manuel ACC 2019 ENG 110V\" width=\"16\" height=\"16\" \/><\/a>\u00a0<a href=\"https:\/\/kolver.it\/upl\/Manual%20%20ACC%202019%20ENG.pdf\" target=\"_blank\" rel=\"noopener noreferrer\"><img loading=\"lazy\" title=\"El Kitab\u0131 ACC 2019 TUR\" src=\"https:\/\/kolver.it\/images\/icons\/acrobat_icon.gif\" alt=\"El Kitab\u0131 ACC 2019 TUR\" width=\"16\" height=\"16\" \/><\/a><\/td>\n<td>151930<\/td>\n<td>M5<\/td>\n<td>1,0-3,0<\/td>\n<td>950<\/td>\n<td>230V<\/td>\n<td>38 x 265<\/td>\n<td>0850<\/td>\n<td>G\u00f6mme<\/td>\n<\/tr>\n<tr>\n<td>ACC2245<br \/>\n<a href=\"https:\/\/kolver.it\/upl\/Manual%20%20ACC%202019%20ENG%20110V.pdf\" target=\"_blank\" rel=\"noopener noreferrer\"><img loading=\"lazy\" title=\"Manuel ACC 2019 ENG 110V\" src=\"https:\/\/kolver.it\/images\/icons\/acrobat_icon.gif\" alt=\"Manuel ACC 2019 ENG 110V\" width=\"16\" height=\"16\" \/><\/a>\u00a0<a href=\"https:\/\/kolver.it\/upl\/Manual%20%20ACC%202019%20ENG.pdf\" target=\"_blank\" rel=\"noopener noreferrer\"><img loading=\"lazy\" title=\"El Kitab\u0131 ACC 2019 TUR\" src=\"https:\/\/kolver.it\/images\/icons\/acrobat_icon.gif\" alt=\"El Kitab\u0131 ACC 2019 TUR\" width=\"16\" height=\"16\" \/><\/a><\/td>\n<td>151945<\/td>\n<td>M5<\/td>\n<td>1,0 \u00f7 4,5<\/td>\n<td>450<\/td>\n<td>230V<\/td>\n<td>38 x 265<\/td>\n<td>0850<\/td>\n<td>G\u00f6mme<\/td>\n<\/tr>\n<\/tbody>\n<\/table>\n","protected":false},"excerpt":{"rendered":"<div class=\"column_attr\"><a class=\"button button_left button_blue button_js kill_the_icon\" href=\"https:\/\/kolver.it\/upl\/Catalog%20-%20ACC%20Screwdrivers.pdf\" target=\"_blank\" rel=\"noopener noreferrer\"><span class=\"button_label\">KATALOG &#8211; ACC TORNAV\u0130DALAR<\/span><\/a><br \/>\n<a class=\"button button_left button_blue button_js kill_the_icon\" href=\"https:\/\/kolver.it\/upl\/MANUAL%20-%20ACC%20SERIES.pdf\" target=\"_blank\" rel=\"noopener noreferrer\"><i class=\"icon-chart-line\"><\/i><span class=\"button_label\">MANUEL &#8211; ACC SER\u0130S\u0130<\/span><\/a><br \/>\n<a class=\"button button_left button_blue button_js kill_the_icon\" href=\"https:\/\/kolver.it\/upl\/Sicurezza_Warning%20(1).pdf\" target=\"_blank\" rel=\"noopener noreferrer\"><i class=\"icon-info\"><\/i><span class=\"button_label\">G\u00dcVENL\u0130K TAL\u0130MATLARI<\/span><\/a><\/div>\n","protected":false},"featured_media":2901,"comment_status":"open","ping_status":"closed","template":"","meta":[],"product_cat":[15],"product_tag":[],"_links":{"self":[{"href":"https:\/\/kolver-turkiye.com\/index.php?rest_route=\/wp\/v2\/product\/2900"}],"collection":[{"href":"https:\/\/kolver-turkiye.com\/index.php?rest_route=\/wp\/v2\/product"}],"about":[{"href":"https:\/\/kolver-turkiye.com\/index.php?rest_route=\/wp\/v2\/types\/product"}],"replies":[{"embeddable":true,"href":"https:\/\/kolver-turkiye.com\/index.php?rest_route=%2Fwp%2Fv2%2Fcomments&post=2900"}],"wp:featuredmedia":[{"embeddable":true,"href":"https:\/\/kolver-turkiye.com\/index.php?rest_route=\/wp\/v2\/media\/2901"}],"wp:attachment":[{"href":"https:\/\/kolver-turkiye.com\/index.php?rest_route=%2Fwp%2Fv2%2Fmedia&parent=2900"}],"wp:term":[{"taxonomy":"product_cat","embeddable":true,"href":"https:\/\/kolver-turkiye.com\/index.php?rest_route=%2Fwp%2Fv2%2Fproduct_cat&post=2900"},{"taxonomy":"product_tag","embeddable":true,"href":"https:\/\/kolver-turkiye.com\/index.php?rest_route=%2Fwp%2Fv2%2Fproduct_tag&post=2900"}],"curies":[{"name":"wp","href":"https:\/\/api.w.org\/{rel}","templated":true}]}}