{"id":2898,"date":"2020-01-05T20:30:40","date_gmt":"2020-01-05T20:30:40","guid":{"rendered":"https:\/\/kolver-turkiye.com\/?post_type=product&#038;p=2898"},"modified":"2020-01-29T10:18:26","modified_gmt":"2020-01-29T10:18:26","slug":"ta-tork-ve-aci-serisi","status":"publish","type":"product","link":"https:\/\/kolver-turkiye.com\/?product=ta-tork-ve-aci-serisi","title":{"rendered":"T&#038;A Tork ve A\u00e7\u0131 Serisi"},"content":{"rendered":"<p>End\u00fcstriyel s\u0131kma farkl\u0131 kontrol stratejileri ve \u00e7\u00f6z\u00fcmleri gerektirebilir.\u00a0En yayg\u0131n durumlar \u015funlard\u0131r: a\u00e7\u0131 izleme ile tork kontrol\u00fc ve tork izleme ile a\u00e7\u0131 kontrol\u00fc.\u00a0Kolver \u00c7ok Torklu Tork ve A\u00e7\u0131 kontrol\u00f6r\u00fc, bu t\u00fcr stratejileri 8 ayr\u0131 P-setiyle y\u00f6netebilir.<\/p>\n<p><strong>Tork \/ A\u00e7\u0131 Kontrol\u00fc Kontrol<\/strong><\/p>\n<p>edilecek ana parametreler, vidaya uygulanan s\u0131kma torku ve vidan\u0131n tork de\u011ferine g\u00f6re d\u00f6nme a\u00e7\u0131s\u0131d\u0131r.\u00a0Sistem taraf\u0131ndan bulunan tork ve a\u00e7\u0131 de\u011ferleri programlanan ayarlar\u0131n i\u00e7indeyse, motor otomatik olarak durur ve OK d\u00f6ng\u00fcs\u00fc (ye\u015fil led a\u00e7\u0131k) g\u00f6stergesi verilir, aksi takdirde bir hata (k\u0131rm\u0131z\u0131 led) olu\u015fturulur.<br \/>\n<strong><br \/>\nA\u00e7\u0131 Kontrol\u00fc<\/strong><\/p>\n<p>Kontrol edilecek ana parametre vidan\u0131n d\u00f6nme a\u00e7\u0131s\u0131d\u0131r.\u00a0\u00d6nceden ayarlanan a\u00e7\u0131 de\u011ferine ula\u015f\u0131ld\u0131\u011f\u0131nda motor OK durur (ye\u015fil led yanar).<br \/>\nAna \u00f6zellikler:<br \/>\n\u2022 Kolay programlanabilir kullan\u0131c\u0131 aray\u00fcz\u00fc ekranlar\u0131<br \/>\n\u2022 Parola korumal\u0131<br \/>\n\u2022 Nm veya In \/ lbs cinsinden tork de\u011feri<br \/>\n\u2022 Derece olarak a\u00e7\u0131 de\u011feri \u2022\u00a0A\u015fa\u011f\u0131dakiler<br \/>\ndahil olmak \u00fczere \u00f6zel y\u0131k\u0131m stratejileri i\u00e7in 8 ayr\u0131 P-seti:<br \/>\n&#8211; Min \/ Maks tork de\u011feri<br \/>\n&#8211; Min \/ Maks a\u00e7\u0131 de\u011feri<br \/>\n&#8211; Y\u0131k\u0131m h\u0131z\u0131<br \/>\n&#8211; Yava\u015f ba\u015flatma \/ Yumu\u015fak durdurma<br \/>\n&#8211; Sert \/ yumu\u015fak derz<br \/>\n&#8211; Min \/ Maks<br \/>\ny\u0131kma\u00a0s\u00fcresi\u00a0&#8211; Gerekirse Maks Tork (Di\u015f a\u00e7ma) &#8211; Gerekirse<br \/>\notomatik geri vites<br \/>\n\u2022 6 tork ve a\u00e7\u0131 stratejisi:<br \/>\n&#8211; Tork \u00f6nceli\u011fi: tork e\u015fi\u011finden (T) veya uzak giri\u015ften (T \/ I) veya kol giri\u015finden (T \/ L)<br \/>\na\u00e7\u0131 say\u0131s\u0131 &#8211; A\u00e7\u0131 \u00f6nceli\u011fi: a\u00e7\u0131 e\u015fik torkundan (A) veya uzak giri\u015ften geldi\u011finde s\u00fcr\u00fcc\u00fc durur (A \/ I) veya koldan (A \/ L)<\/p>\n<p>\u00d6NEML\u0130: Tork aral\u0131\u011f\u0131n\u0131n% 80&#8217;inden fazla s\u00fcrekli kullan\u0131lmas\u0131 \u00f6nerilmez.<\/p>\n<p>***<\/p>\n<p><strong>YEN\u0130!\u00a0<\/strong>EDU2AE \/ TOP \/ TA, EDU EXPAND yaz\u0131l\u0131m\u0131 ve 8Gb USB flash s\u00fcr\u00fcc\u00fc ile standart olarak sa\u011flan\u0131r.<\/p>\n<p><strong>PC programlama<\/strong>\u00a0(arka panel):\u00a0<strong>PC<\/strong>\u00a0i\u00e7in yeni \u201cEDU EXPAND\u201d yaz\u0131l\u0131m\u0131m\u0131zla t\u00fcm parametreleri ayarlamak, de\u011fi\u015ftirmek ve kaydetmek m\u00fcmk\u00fcnd\u00fcr.\u00a0EDU EXPAND, miniUSB veya RS232 arac\u0131l\u0131\u011f\u0131yla kontrol \u00fcnitesiyle ileti\u015fim kurar.<\/p>\n<p><strong>USB flash s\u00fcr\u00fcc\u00fcye kaydetme \/ programlama<\/strong>(\u00f6n panel): her vidalama i\u015fleminin sonu\u00e7lar\u0131n\u0131 do\u011frudan USB kalem s\u00fcr\u00fcc\u00fcs\u00fcne kaydedebilirsiniz!\u00a0Daha \u00f6nce \u201cEDU EXPAND\u201d \u00fczerinde ayarlanm\u0131\u015f olan t\u00fcm parametreleri \/ programlar\u0131 USB s\u00fcr\u00fcc\u00fcs\u00fc ile y\u00fcklemek de m\u00fcmk\u00fcnd\u00fcr.\u00a0USB&#8217;nizi ba\u011flant\u0131 noktas\u0131na ba\u011flay\u0131n ve men\u00fcden istedi\u011finiz programlar\u0131 geri \u00e7a\u011f\u0131r\u0131n.\u00a0Kontrol \u00fcnitesinde ayarlanan programlar USB&#8217;ye indirilebilir ve ba\u015fka bir cihaza ve EDU EXPAND&#8217;a geri \u00e7a\u011fr\u0131labilir.<\/p>\n<p>&nbsp;<\/p>\n<table>\n<thead class=\"hidden-xs hidden-sm\">\n<tr>\n<th>model<\/th>\n<th>kod<\/th>\n<th>Tork Nm<\/th>\n<th>D \/ dk.<\/th>\n<th>Maks. RPM<\/th>\n<th>Kontrol Paneli<\/th>\n<\/tr>\n<\/thead>\n<tbody>\n<tr>\n<td>NATO15D \/ TA<br \/>\n<a href=\"https:\/\/kolver.it\/upl\/Manual%20NATO%20ITA%20ENG.pdf\" target=\"_blank\" rel=\"noopener noreferrer\"><img loading=\"lazy\" title=\"El Kitab\u0131 NATO ITA ENG\" src=\"https:\/\/kolver.it\/images\/icons\/acrobat_icon.gif\" alt=\"El Kitab\u0131 NATO ITA ENG\" width=\"16\" height=\"16\" \/><\/a><\/td>\n<td>160.015 \/ TA<\/td>\n<td>0,01-0,15<\/td>\n<td>350<\/td>\n<td>700<\/td>\n<td>EDU2AE \/ TOP \/ TA \/ NT<\/td>\n<\/tr>\n<tr>\n<td>NATO15CA \/ TA<br \/>\n<a href=\"https:\/\/kolver.it\/upl\/Manual%20NATO%20ITA%20ENG.pdf\" target=\"_blank\" rel=\"noopener noreferrer\"><img loading=\"lazy\" title=\"El Kitab\u0131 NATO ITA ENG\" src=\"https:\/\/kolver.it\/images\/icons\/acrobat_icon.gif\" alt=\"El Kitab\u0131 NATO ITA ENG\" width=\"16\" height=\"16\" \/><\/a><\/td>\n<td>163.015 \/ TA<\/td>\n<td>0,01-0,15<\/td>\n<td>350<\/td>\n<td>700<\/td>\n<td>EDU2AE \/ TOP \/ TA \/ NT<\/td>\n<\/tr>\n<tr>\n<td>NATO50D \/ TA<br \/>\n<a href=\"https:\/\/kolver.it\/upl\/Manual%20NATO%20ITA%20ENG.pdf\" target=\"_blank\" rel=\"noopener noreferrer\"><img loading=\"lazy\" title=\"El Kitab\u0131 NATO ITA ENG\" src=\"https:\/\/kolver.it\/images\/icons\/acrobat_icon.gif\" alt=\"El Kitab\u0131 NATO ITA ENG\" width=\"16\" height=\"16\" \/><\/a><\/td>\n<td>160050 \/ TA<\/td>\n<td>0,10-0,30<\/td>\n<td>200<\/td>\n<td>700<\/td>\n<td>EDU2AE \/ TOP \/ TA \/ NT<\/td>\n<\/tr>\n<tr>\n<td>NATO50CA \/ TA<br \/>\n<a href=\"https:\/\/kolver.it\/upl\/Manual%20NATO%20ITA%20ENG.pdf\" target=\"_blank\" rel=\"noopener noreferrer\"><img loading=\"lazy\" title=\"El Kitab\u0131 NATO ITA ENG\" src=\"https:\/\/kolver.it\/images\/icons\/acrobat_icon.gif\" alt=\"El Kitab\u0131 NATO ITA ENG\" width=\"16\" height=\"16\" \/><\/a><\/td>\n<td>163.050 \/ TA<\/td>\n<td>0,10-0,30<\/td>\n<td>200<\/td>\n<td>700<\/td>\n<td>EDU2AE \/ TOP \/ TA \/ NT<\/td>\n<\/tr>\n<tr>\n<td>MITO15D \/ TA<br \/>\n<a href=\"https:\/\/kolver.it\/upl\/Manual%20MITO%20ITA%20ENG.pdf\" target=\"_blank\" rel=\"noopener noreferrer\"><img loading=\"lazy\" title=\"Manuel MITO ITA ENG\" src=\"https:\/\/kolver.it\/images\/icons\/acrobat_icon.gif\" alt=\"Manuel MITO ITA ENG\" width=\"16\" height=\"16\" \/><\/a><\/td>\n<td>170.015 \/ TA<\/td>\n<td>0,2-1,5<\/td>\n<td>450<\/td>\n<td>850<\/td>\n<td>EDU2AE \/ TOP \/ TA<\/td>\n<\/tr>\n<tr>\n<td>MITO15CA \/ TA<br \/>\n<a href=\"https:\/\/kolver.it\/upl\/Manual%20MITO%20ITA%20ENG.pdf\" target=\"_blank\" rel=\"noopener noreferrer\"><img loading=\"lazy\" title=\"Manuel MITO ITA ENG\" src=\"https:\/\/kolver.it\/images\/icons\/acrobat_icon.gif\" alt=\"Manuel MITO ITA ENG\" width=\"16\" height=\"16\" \/><\/a><\/td>\n<td>170.016 \/ TA<\/td>\n<td>0,2-1,5<\/td>\n<td>450<\/td>\n<td>850<\/td>\n<td>EDU2AE \/ TOP \/ TA<\/td>\n<\/tr>\n<tr>\n<td>PLUTO3D \/ TA<br \/>\n<a href=\"https:\/\/kolver.it\/upl\/Manual%20PLUTO%20ITA_ENG_Multilanguage%20151119.pdf\" target=\"_blank\" rel=\"noopener noreferrer\"><img loading=\"lazy\" title=\"El Kitab\u0131 PLUTO ITA_ENG_Multilanguage 151119\" src=\"https:\/\/kolver.it\/images\/icons\/acrobat_icon.gif\" alt=\"El Kitab\u0131 PLUTO ITA_ENG_Multilanguage 151119\" width=\"16\" height=\"16\" \/><\/a><\/td>\n<td>130.203 \/ TA<\/td>\n<td>0,5-3,0<\/td>\n<td>370<\/td>\n<td>1300<\/td>\n<td>EDU2AE \/ TOP \/ TA<\/td>\n<\/tr>\n<tr>\n<td>PLUTO3D \/ TA \/ LED<br \/>\n<a href=\"https:\/\/kolver.it\/upl\/Manual%20PLUTO%20ITA_ENG_Multilanguage%20151119.pdf\" target=\"_blank\" rel=\"noopener noreferrer\"><img loading=\"lazy\" title=\"El Kitab\u0131 PLUTO ITA_ENG_Multilanguage 151119\" src=\"https:\/\/kolver.it\/images\/icons\/acrobat_icon.gif\" alt=\"El Kitab\u0131 PLUTO ITA_ENG_Multilanguage 151119\" width=\"16\" height=\"16\" \/><\/a><\/td>\n<td>130203 \/ TA \/ LED<\/td>\n<td>0,5-3,0<\/td>\n<td>370<\/td>\n<td>1300<\/td>\n<td>EDU2AE \/ TOP \/ TA<\/td>\n<\/tr>\n<tr>\n<td>PLUTO3P \/ TA<br \/>\n<a href=\"https:\/\/kolver.it\/upl\/Manual%20PLUTO%20ITA_ENG_Multilanguage%20151119.pdf\" target=\"_blank\" rel=\"noopener noreferrer\"><img loading=\"lazy\" title=\"El Kitab\u0131 PLUTO ITA_ENG_Multilanguage 151119\" src=\"https:\/\/kolver.it\/images\/icons\/acrobat_icon.gif\" alt=\"El Kitab\u0131 PLUTO ITA_ENG_Multilanguage 151119\" width=\"16\" height=\"16\" \/><\/a><\/td>\n<td>130.204 \/ TA<\/td>\n<td>0,5-3,0<\/td>\n<td>370<\/td>\n<td>1300<\/td>\n<td>EDU2AE \/ TOP \/ TA<\/td>\n<\/tr>\n<tr>\n<td>PLUTO3CA \/ TA<br \/>\n<a href=\"https:\/\/kolver.it\/upl\/Manual%20PLUTO%20ITA_ENG_Multilanguage%20151119.pdf\" target=\"_blank\" rel=\"noopener noreferrer\"><img loading=\"lazy\" title=\"El Kitab\u0131 PLUTO ITA_ENG_Multilanguage 151119\" src=\"https:\/\/kolver.it\/images\/icons\/acrobat_icon.gif\" alt=\"El Kitab\u0131 PLUTO ITA_ENG_Multilanguage 151119\" width=\"16\" height=\"16\" \/><\/a><\/td>\n<td>130.303 \/ TA<\/td>\n<td>0,5-3,0<\/td>\n<td>370<\/td>\n<td>1300<\/td>\n<td>EDU2AE \/ TOP \/ TA<\/td>\n<\/tr>\n<tr>\n<td>PLUTO6D \/ TA<br \/>\n<a href=\"https:\/\/kolver.it\/upl\/Manual%20PLUTO%20ITA_ENG_Multilanguage%20151119.pdf\" target=\"_blank\" rel=\"noopener noreferrer\"><img loading=\"lazy\" title=\"El Kitab\u0131 PLUTO ITA_ENG_Multilanguage 151119\" src=\"https:\/\/kolver.it\/images\/icons\/acrobat_icon.gif\" alt=\"El Kitab\u0131 PLUTO ITA_ENG_Multilanguage 151119\" width=\"16\" height=\"16\" \/><\/a><\/td>\n<td>130.206 \/ TA<\/td>\n<td>0,85-6,0<\/td>\n<td>200<\/td>\n<td>850<\/td>\n<td>EDU2AE \/ TOP \/ TA<\/td>\n<\/tr>\n<tr>\n<td>PLUTO6D \/ TA \/ LED<br \/>\n<a href=\"https:\/\/kolver.it\/upl\/Manual%20PLUTO%20ITA_ENG_Multilanguage%20151119.pdf\" target=\"_blank\" rel=\"noopener noreferrer\"><img loading=\"lazy\" title=\"El Kitab\u0131 PLUTO ITA_ENG_Multilanguage 151119\" src=\"https:\/\/kolver.it\/images\/icons\/acrobat_icon.gif\" alt=\"El Kitab\u0131 PLUTO ITA_ENG_Multilanguage 151119\" width=\"16\" height=\"16\" \/><\/a><\/td>\n<td>130206 \/ TA \/ LED<\/td>\n<td>0,85-6,0<\/td>\n<td>200<\/td>\n<td>850<\/td>\n<td>EDU2AE \/ TOP \/ TA<\/td>\n<\/tr>\n<tr>\n<td>PLUTO6P \/ TA<br \/>\n<a href=\"https:\/\/kolver.it\/upl\/Manual%20PLUTO%20ITA_ENG_Multilanguage%20151119.pdf\" target=\"_blank\" rel=\"noopener noreferrer\"><img loading=\"lazy\" title=\"El Kitab\u0131 PLUTO ITA_ENG_Multilanguage 151119\" src=\"https:\/\/kolver.it\/images\/icons\/acrobat_icon.gif\" alt=\"El Kitab\u0131 PLUTO ITA_ENG_Multilanguage 151119\" width=\"16\" height=\"16\" \/><\/a><\/td>\n<td>130.207 \/ TA<\/td>\n<td>0,85-6,0<\/td>\n<td>200<\/td>\n<td>850<\/td>\n<td>EDU2AE \/ TOP \/ TA<\/td>\n<\/tr>\n<tr>\n<td>PLUTO6CA \/ TA<br \/>\n<a href=\"https:\/\/kolver.it\/upl\/Manual%20PLUTO%20ITA_ENG_Multilanguage%20151119.pdf\" target=\"_blank\" rel=\"noopener noreferrer\"><img loading=\"lazy\" title=\"El Kitab\u0131 PLUTO ITA_ENG_Multilanguage 151119\" src=\"https:\/\/kolver.it\/images\/icons\/acrobat_icon.gif\" alt=\"El Kitab\u0131 PLUTO ITA_ENG_Multilanguage 151119\" width=\"16\" height=\"16\" \/><\/a><\/td>\n<td>133.206 \/ TA<\/td>\n<td>0,85-6,0<\/td>\n<td>200<\/td>\n<td>850<\/td>\n<td>EDU2AE \/ TOP \/ TA<\/td>\n<\/tr>\n<tr>\n<td>PLUTO10D \/ TA<br \/>\n<a href=\"https:\/\/kolver.it\/upl\/Manual%20PLUTO%20ITA_ENG_Multilanguage%20151119.pdf\" target=\"_blank\" rel=\"noopener noreferrer\"><img loading=\"lazy\" title=\"El Kitab\u0131 PLUTO ITA_ENG_Multilanguage 151119\" src=\"https:\/\/kolver.it\/images\/icons\/acrobat_icon.gif\" alt=\"El Kitab\u0131 PLUTO ITA_ENG_Multilanguage 151119\" width=\"16\" height=\"16\" \/><\/a><\/td>\n<td>130.211 \/ TA<\/td>\n<td>1,5-10,0<\/td>\n<td>110<\/td>\n<td>600<\/td>\n<td>EDU2AE \/ TOP \/ TA<\/td>\n<\/tr>\n<tr>\n<td>PLUTO10D \/ TA \/ LED<br \/>\n<a href=\"https:\/\/kolver.it\/upl\/Manual%20PLUTO%20ITA_ENG_Multilanguage%20151119.pdf\" target=\"_blank\" rel=\"noopener noreferrer\"><img loading=\"lazy\" title=\"El Kitab\u0131 PLUTO ITA_ENG_Multilanguage 151119\" src=\"https:\/\/kolver.it\/images\/icons\/acrobat_icon.gif\" alt=\"El Kitab\u0131 PLUTO ITA_ENG_Multilanguage 151119\" width=\"16\" height=\"16\" \/><\/a><\/td>\n<td>130211 \/ TA \/ LED<\/td>\n<td>1,5-10,0<\/td>\n<td>110<\/td>\n<td>600<\/td>\n<td>EDU2AE \/ TOP \/ TA<\/td>\n<\/tr>\n<tr>\n<td>PLUTO10P \/ TA<br \/>\n<a href=\"https:\/\/kolver.it\/upl\/Manual%20PLUTO%20ITA_ENG_Multilanguage%20151119.pdf\" target=\"_blank\" rel=\"noopener noreferrer\"><img loading=\"lazy\" title=\"El Kitab\u0131 PLUTO ITA_ENG_Multilanguage 151119\" src=\"https:\/\/kolver.it\/images\/icons\/acrobat_icon.gif\" alt=\"El Kitab\u0131 PLUTO ITA_ENG_Multilanguage 151119\" width=\"16\" height=\"16\" \/><\/a><\/td>\n<td>130.210 \/ TA<\/td>\n<td>1,5-10,0<\/td>\n<td>110<\/td>\n<td>600<\/td>\n<td>EDU2AE \/ TOP \/ TA<\/td>\n<\/tr>\n<tr>\n<td>PLUTO10CA \/ TA<br \/>\n<a href=\"https:\/\/kolver.it\/upl\/Manual%20PLUTO%20ITA_ENG_Multilanguage%20151119.pdf\" target=\"_blank\" rel=\"noopener noreferrer\"><img loading=\"lazy\" title=\"El Kitab\u0131 PLUTO ITA_ENG_Multilanguage 151119\" src=\"https:\/\/kolver.it\/images\/icons\/acrobat_icon.gif\" alt=\"El Kitab\u0131 PLUTO ITA_ENG_Multilanguage 151119\" width=\"16\" height=\"16\" \/><\/a><\/td>\n<td>133.211 \/ TA<\/td>\n<td>1,5-10,0<\/td>\n<td>110<\/td>\n<td>600<\/td>\n<td>EDU2AE \/ TOP \/ TA<\/td>\n<\/tr>\n<tr>\n<td>PLUTO15D \/ TA<br \/>\n<a href=\"https:\/\/kolver.it\/upl\/Manual%20PLUTO%20ITA_ENG_Multilanguage%20151119.pdf\" target=\"_blank\" rel=\"noopener noreferrer\"><img loading=\"lazy\" title=\"El Kitab\u0131 PLUTO ITA_ENG_Multilanguage 151119\" src=\"https:\/\/kolver.it\/images\/icons\/acrobat_icon.gif\" alt=\"El Kitab\u0131 PLUTO ITA_ENG_Multilanguage 151119\" width=\"16\" height=\"16\" \/><\/a><\/td>\n<td>130.216 \/ TA<\/td>\n<td>2,0-15,0<\/td>\n<td>60<\/td>\n<td>320<\/td>\n<td>EDU2AE \/ TOP \/ TA<\/td>\n<\/tr>\n<tr>\n<td>PLUTO15D \/ TA \/ LED<br \/>\n<a href=\"https:\/\/kolver.it\/upl\/Manual%20PLUTO%20ITA_ENG_Multilanguage%20151119.pdf\" target=\"_blank\" rel=\"noopener noreferrer\"><img loading=\"lazy\" title=\"El Kitab\u0131 PLUTO ITA_ENG_Multilanguage 151119\" src=\"https:\/\/kolver.it\/images\/icons\/acrobat_icon.gif\" alt=\"El Kitab\u0131 PLUTO ITA_ENG_Multilanguage 151119\" width=\"16\" height=\"16\" \/><\/a><\/td>\n<td>130216 \/ TA \/ LED<\/td>\n<td>2,0-15,0<\/td>\n<td>60<\/td>\n<td>320<\/td>\n<td>EDU2AE \/ TOP \/ TA<\/td>\n<\/tr>\n<tr>\n<td>PLUTO15P \/ TA<br \/>\n<a href=\"https:\/\/kolver.it\/upl\/Manual%20PLUTO%20ITA_ENG_Multilanguage%20151119.pdf\" target=\"_blank\" rel=\"noopener noreferrer\"><img loading=\"lazy\" title=\"El Kitab\u0131 PLUTO ITA_ENG_Multilanguage 151119\" src=\"https:\/\/kolver.it\/images\/icons\/acrobat_icon.gif\" alt=\"El Kitab\u0131 PLUTO ITA_ENG_Multilanguage 151119\" width=\"16\" height=\"16\" \/><\/a><\/td>\n<td>130.215 \/ TA<\/td>\n<td>2,0-15,0<\/td>\n<td>60<\/td>\n<td>320<\/td>\n<td>EDU2AE \/ TOP \/ TA<\/td>\n<\/tr>\n<tr>\n<td>PLUTO15CA \/ TA<br \/>\n<a href=\"https:\/\/kolver.it\/upl\/Manual%20PLUTO%20ITA_ENG_Multilanguage%20151119.pdf\" target=\"_blank\" rel=\"noopener noreferrer\"><img loading=\"lazy\" title=\"El Kitab\u0131 PLUTO ITA_ENG_Multilanguage 151119\" src=\"https:\/\/kolver.it\/images\/icons\/acrobat_icon.gif\" alt=\"El Kitab\u0131 PLUTO ITA_ENG_Multilanguage 151119\" width=\"16\" height=\"16\" \/><\/a><\/td>\n<td>133.216 \/ TA<\/td>\n<td>2,0-15,0<\/td>\n<td>60<\/td>\n<td>320<\/td>\n<td>EDU2AE \/ TOP \/ TA<\/td>\n<\/tr>\n<tr>\n<td>PLUTO20CA \/ SR \/ TA<br \/>\n<a href=\"https:\/\/kolver.it\/upl\/Manual%20PLUTO%20ITA_ENG_Multilanguage%20151119.pdf\" target=\"_blank\" rel=\"noopener noreferrer\"><img loading=\"lazy\" title=\"El Kitab\u0131 PLUTO ITA_ENG_Multilanguage 151119\" src=\"https:\/\/kolver.it\/images\/icons\/acrobat_icon.gif\" alt=\"El Kitab\u0131 PLUTO ITA_ENG_Multilanguage 151119\" width=\"16\" height=\"16\" \/><\/a><\/td>\n<td>133221 \/ SR \/ TA<\/td>\n<td>3,0-20,0<\/td>\n<td>50<\/td>\n<td>200<\/td>\n<td>EDU2AE \/ TOP \/ TA<\/td>\n<\/tr>\n<tr>\n<td>PLUTO20CA \/ TA<br \/>\n<a href=\"https:\/\/kolver.it\/upl\/Manual%20PLUTO%20ITA_ENG_Multilanguage%20151119.pdf\" target=\"_blank\" rel=\"noopener noreferrer\"><img loading=\"lazy\" title=\"El Kitab\u0131 PLUTO ITA_ENG_Multilanguage 151119\" src=\"https:\/\/kolver.it\/images\/icons\/acrobat_icon.gif\" alt=\"El Kitab\u0131 PLUTO ITA_ENG_Multilanguage 151119\" width=\"16\" height=\"16\" \/><\/a><\/td>\n<td>133221 \/ TA<\/td>\n<td>3,0-20,0<\/td>\n<td>50<\/td>\n<td>200<\/td>\n<td>EDU2AE \/ TOP \/ TA<\/td>\n<\/tr>\n<tr>\n<td>PLUTO35CA \/ SR \/ TA<br \/>\n<a href=\"https:\/\/kolver.it\/upl\/Manual%20PLUTO%20ITA_ENG_Multilanguage%20151119.pdf\" target=\"_blank\" rel=\"noopener noreferrer\"><img loading=\"lazy\" title=\"El Kitab\u0131 PLUTO ITA_ENG_Multilanguage 151119\" src=\"https:\/\/kolver.it\/images\/icons\/acrobat_icon.gif\" alt=\"El Kitab\u0131 PLUTO ITA_ENG_Multilanguage 151119\" width=\"16\" height=\"16\" \/><\/a><\/td>\n<td>133.236 \/ SR \/ TA<\/td>\n<td>3,0-35,0<\/td>\n<td>40<\/td>\n<td>140<\/td>\n<td>EDU2AE \/ TOP \/ TA<\/td>\n<\/tr>\n<tr>\n<td>PLUTO35CA \/ TA<br \/>\n<a href=\"https:\/\/kolver.it\/upl\/Manual%20PLUTO%20ITA_ENG_Multilanguage%20151119.pdf\" target=\"_blank\" rel=\"noopener noreferrer\"><img loading=\"lazy\" title=\"El Kitab\u0131 PLUTO ITA_ENG_Multilanguage 151119\" src=\"https:\/\/kolver.it\/images\/icons\/acrobat_icon.gif\" alt=\"El Kitab\u0131 PLUTO ITA_ENG_Multilanguage 151119\" width=\"16\" height=\"16\" \/><\/a><\/td>\n<td>133.236 \/ TA<\/td>\n<td>3,0-35,0<\/td>\n<td>40<\/td>\n<td>140<\/td>\n<td>EDU2AE \/ TOP \/ TA<\/td>\n<\/tr>\n<tr>\n<td>PLUTO50CA \/ SR \/ TA<br \/>\n<a href=\"https:\/\/kolver.it\/upl\/Manual%20PLUTO%20ITA_ENG_Multilanguage%20151119.pdf\" target=\"_blank\" rel=\"noopener noreferrer\"><img loading=\"lazy\" title=\"El Kitab\u0131 PLUTO ITA_ENG_Multilanguage 151119\" src=\"https:\/\/kolver.it\/images\/icons\/acrobat_icon.gif\" alt=\"El Kitab\u0131 PLUTO ITA_ENG_Multilanguage 151119\" width=\"16\" height=\"16\" \/><\/a><\/td>\n<td>133.250 \/ SR \/ TA<\/td>\n<td>5,0-50,0<\/td>\n<td>20<\/td>\n<td>90<\/td>\n<td>EDU2AE \/ TOP \/ TA<\/td>\n<\/tr>\n<tr>\n<td>PLUTO50CA \/ TA<br \/>\n<a href=\"https:\/\/kolver.it\/upl\/Manual%20PLUTO%20ITA_ENG_Multilanguage%20151119.pdf\" target=\"_blank\" rel=\"noopener noreferrer\"><img loading=\"lazy\" title=\"El Kitab\u0131 PLUTO ITA_ENG_Multilanguage 151119\" src=\"https:\/\/kolver.it\/images\/icons\/acrobat_icon.gif\" alt=\"El Kitab\u0131 PLUTO ITA_ENG_Multilanguage 151119\" width=\"16\" height=\"16\" \/><\/a><\/td>\n<td>133.250 \/ TA<\/td>\n<td>5,0-50,0<\/td>\n<td>20<\/td>\n<td>90<\/td>\n<td>EDU2AE \/ TOP \/ TA<\/td>\n<\/tr>\n<tr>\n<td>EDU2AE \/ TOP \/ TA<br \/>\n<a href=\"https:\/\/kolver.it\/upl\/Manual%20EDU%202AE-TOP-E_TA.pdf\" target=\"_blank\" rel=\"noopener noreferrer\"><img loading=\"lazy\" title=\"Manuel EDU 2AE-TOP-E_TA\" src=\"https:\/\/kolver.it\/images\/icons\/acrobat_icon.gif\" alt=\"Manuel EDU 2AE-TOP-E_TA\" width=\"16\" height=\"16\" \/><\/a><\/td>\n<td>032000 \/ \u00dcST \/ TA<\/td>\n<td><\/td>\n<td><\/td>\n<td><\/td>\n<td>Herhangi bir PLUTO ..\/ TA<\/td>\n<\/tr>\n<tr>\n<td>EDU2AE \/ TOP \/ NT \/ TA<br \/>\n<a href=\"https:\/\/kolver.it\/upl\/Manual%20EDU%202AE-TOP-E_TA_NATO.pdf\" target=\"_blank\" rel=\"noopener noreferrer\"><img loading=\"lazy\" title=\"Manuel EDU 2AE-TOP-E_TA_NATO\" src=\"https:\/\/kolver.it\/images\/icons\/acrobat_icon.gif\" alt=\"Manuel EDU 2AE-TOP-E_TA_NATO\" width=\"16\" height=\"16\" \/><\/a><\/td>\n<td>031000 \/ TOP \/ NT \/ TA<\/td>\n<td><\/td>\n<td><\/td>\n<td><\/td>\n<td>NATO ..\/ TA Serisi<\/td>\n<\/tr>\n<\/tbody>\n<\/table>\n","protected":false},"excerpt":{"rendered":"<div class=\"column_attr\"><a class=\"button button_left button_blue button_js kill_the_icon\" href=\"https:\/\/kolver.it\/upl\/Catalog%20-%20Torque%20&amp;%20Angle.pdf\" target=\"_blank\" rel=\"noopener noreferrer\"><span class=\"button_label\">KATALOG &#8211; TORK VE A\u00c7I<\/span><\/a><br \/>\n<a class=\"button button_left button_blue button_js kill_the_icon\" href=\"https:\/\/kolver.it\/upl\/MANUAL%20-%20TORQUE%20&amp;%20ANGLE.pdf\" target=\"_blank\" rel=\"noopener noreferrer\"><i class=\"icon-chart-line\"><\/i><span class=\"button_label\">MANUEL &#8211; TORK VE A\u00c7I<\/span><\/a><br \/>\n<a class=\"button button_left button_blue button_js kill_the_icon\" href=\"https:\/\/kolver.it\/upl\/Sicurezza_Warning%20(1).pdf\" target=\"_blank\" rel=\"noopener noreferrer\"><i class=\"icon-info\"><\/i><span class=\"button_label\">G\u00dcVENL\u0130K TAL\u0130MATLARI<\/span><\/a><\/div>\n","protected":false},"featured_media":2899,"comment_status":"open","ping_status":"closed","template":"","meta":[],"product_cat":[15],"product_tag":[],"_links":{"self":[{"href":"https:\/\/kolver-turkiye.com\/index.php?rest_route=\/wp\/v2\/product\/2898"}],"collection":[{"href":"https:\/\/kolver-turkiye.com\/index.php?rest_route=\/wp\/v2\/product"}],"about":[{"href":"https:\/\/kolver-turkiye.com\/index.php?rest_route=\/wp\/v2\/types\/product"}],"replies":[{"embeddable":true,"href":"https:\/\/kolver-turkiye.com\/index.php?rest_route=%2Fwp%2Fv2%2Fcomments&post=2898"}],"wp:featuredmedia":[{"embeddable":true,"href":"https:\/\/kolver-turkiye.com\/index.php?rest_route=\/wp\/v2\/media\/2899"}],"wp:attachment":[{"href":"https:\/\/kolver-turkiye.com\/index.php?rest_route=%2Fwp%2Fv2%2Fmedia&parent=2898"}],"wp:term":[{"taxonomy":"product_cat","embeddable":true,"href":"https:\/\/kolver-turkiye.com\/index.php?rest_route=%2Fwp%2Fv2%2Fproduct_cat&post=2898"},{"taxonomy":"product_tag","embeddable":true,"href":"https:\/\/kolver-turkiye.com\/index.php?rest_route=%2Fwp%2Fv2%2Fproduct_tag&post=2898"}],"curies":[{"name":"wp","href":"https:\/\/api.w.org\/{rel}","templated":true}]}}