{"id":2890,"date":"2020-01-05T20:09:47","date_gmt":"2020-01-05T20:09:47","guid":{"rendered":"https:\/\/kolver-turkiye.com\/?post_type=product&#038;p=2890"},"modified":"2024-05-14T13:35:17","modified_gmt":"2024-05-14T13:35:17","slug":"brushless-series","status":"publish","type":"product","link":"https:\/\/kolver-turkiye.com\/?product=brushless-series","title":{"rendered":"F\u0131r\u00e7as\u0131z Serisi"},"content":{"rendered":"<p>The new KBL mechanical clutch screwdrivers feature high-quality Swiss brushless motors, the perfect solution for clean room applications thanks to zero emissions of coal dust and other pollutants into the working environment; at the same time the precision of clutch screwdrivers guarantees an accuracy of \u00b17% or better. Magnetic start and clutch switches assure better results and longer life. Extremely small and lightweight for utmost operator comfort and with advanced ergonomic design, they ensure very low noise level, minimum vibrations, maximum safety (low supply voltage), lasting performance as well as maintenance free operation. Inline and automation models are already available, pistol and angle models will follow shortly. All KBL drivers come standard with ergonomically advanced ESD-safe body, 2.5 m connection cable and suspension bail. The heavy duty cables and connectors, developed for robotic applications, are made of antistatic dissipative material for a safe use in EPA environment. The absence of maintenance operations guarantees high productive continuity. All KBL screwdrivers work in combination with our new EDU1BL controllers but can be also used with our standard EDU1FR controllers. This option will allow existing customers to replace FAB &amp; RAF drivers with no need to replace controllers.<\/p>\n<p>KBL..FR\/S are equipped with innovative electronics, which processes and sends torque, error and lever signals and receives remote start and reverse input. They\u2019re mainly indicated for automated applications (KBL..FR\/CA, see dedicated page). They work with EDU1BL\/SG control units (8 pin connector).<\/p>\n<p>All models available in pistol type.<br \/>\nInline KBL are also available in KBL..FR\/AR, with autoreverse feature.<\/p>\n<p>&nbsp;<\/p>\n<table>\n<thead class=\"hidden-xs hidden-sm\">\n<tr>\n<th>Model<\/th>\n<th>Code<\/th>\n<th>Torque Nm<\/th>\n<th>Speed RPM<\/th>\n<th>L x \u00d8 mm<\/th>\n<th>Weight kg.<\/th>\n<th>Controller<\/th>\n<\/tr>\n<\/thead>\n<tbody>\n<tr>\n<td>KBL04FR<br \/>\n<a href=\"https:\/\/kolver.it\/upl\/KBL%204-15FR%20drawing.PDF\" target=\"_blank\" rel=\"noopener noreferrer\"><img loading=\"lazy\" title=\"KBL 4-15FR drawing\" src=\"https:\/\/kolver.it\/images\/icons\/acrobat_icon.gif\" alt=\"KBL 4-15FR drawing\" width=\"16\" height=\"16\" \/><\/a>\u00a0<a href=\"https:\/\/kolver.it\/upl\/Manual%20KBL%20ITA%20ENG.pdf\" target=\"_blank\" rel=\"noopener noreferrer\"><img loading=\"lazy\" title=\"Manual KBL ITA ENG\" src=\"https:\/\/kolver.it\/images\/icons\/acrobat_icon.gif\" alt=\"Manual KBL ITA ENG\" width=\"16\" height=\"16\" \/><\/a><\/td>\n<td>190004<\/td>\n<td>0,04 &#8211; 0,4<\/td>\n<td>650 &#8211; 1000<\/td>\n<td>255 x 37<\/td>\n<td>0,50<\/td>\n<td>EDU1BL &amp; EDU1FR<\/td>\n<\/tr>\n<tr>\n<td>KBL15FR<br \/>\n<a href=\"https:\/\/kolver.it\/upl\/KBL%204-15FR%20drawing.PDF\" target=\"_blank\" rel=\"noopener noreferrer\"><img loading=\"lazy\" title=\"KBL 4-15FR drawing\" src=\"https:\/\/kolver.it\/images\/icons\/acrobat_icon.gif\" alt=\"KBL 4-15FR drawing\" width=\"16\" height=\"16\" \/><\/a>\u00a0<a href=\"https:\/\/kolver.it\/upl\/Manual%20KBL%20ITA%20ENG.pdf\" target=\"_blank\" rel=\"noopener noreferrer\"><img loading=\"lazy\" title=\"Manual KBL ITA ENG\" src=\"https:\/\/kolver.it\/images\/icons\/acrobat_icon.gif\" alt=\"Manual KBL ITA ENG\" width=\"16\" height=\"16\" \/><\/a><\/td>\n<td>190015<\/td>\n<td>0,4 &#8211; 1,5<\/td>\n<td>650 &#8211; 1000<\/td>\n<td>255 x 37<\/td>\n<td>0,50<\/td>\n<td>EDU1BL &amp; EDU1FR<\/td>\n<\/tr>\n<tr>\n<td>KBL30FR<br \/>\n<a href=\"https:\/\/kolver.it\/upl\/KBL%2030FR%20drawing.PDF\" target=\"_blank\" rel=\"noopener noreferrer\"><img loading=\"lazy\" title=\"KBL 30FR drawing\" src=\"https:\/\/kolver.it\/images\/icons\/acrobat_icon.gif\" alt=\"KBL 30FR drawing\" width=\"16\" height=\"16\" \/><\/a>\u00a0<a href=\"https:\/\/kolver.it\/upl\/Manual%20KBL%20ITA%20ENG.pdf\" target=\"_blank\" rel=\"noopener noreferrer\"><img loading=\"lazy\" title=\"Manual KBL ITA ENG\" src=\"https:\/\/kolver.it\/images\/icons\/acrobat_icon.gif\" alt=\"Manual KBL ITA ENG\" width=\"16\" height=\"16\" \/><\/a><\/td>\n<td>190030<\/td>\n<td>0,7 &#8211; 3,0<\/td>\n<td>650 &#8211; 1000<\/td>\n<td>268 x 43<\/td>\n<td>0,65<\/td>\n<td>EDU1BL &amp; EDU1FR<\/td>\n<\/tr>\n<tr>\n<td>KBL40FR<br \/>\n<a href=\"https:\/\/kolver.it\/upl\/KBL40FR%20dimensional%20drawing.pdf\" target=\"_blank\" rel=\"noopener noreferrer\"><img loading=\"lazy\" title=\"KBL40FR dimensional drawing\" src=\"https:\/\/kolver.it\/images\/icons\/acrobat_icon.gif\" alt=\"KBL40FR dimensional drawing\" width=\"16\" height=\"16\" \/><\/a>\u00a0<a href=\"https:\/\/kolver.it\/upl\/Manual%20KBL%20ITA%20ENG.pdf\" target=\"_blank\" rel=\"noopener noreferrer\"><img loading=\"lazy\" title=\"Manual KBL ITA ENG\" src=\"https:\/\/kolver.it\/images\/icons\/acrobat_icon.gif\" alt=\"Manual KBL ITA ENG\" width=\"16\" height=\"16\" \/><\/a><\/td>\n<td>190040<\/td>\n<td>0,9-4,0<\/td>\n<td>450-750<\/td>\n<td>268 x 43<\/td>\n<td>0,65<\/td>\n<td>EDU1BL &amp; EDU1FR<\/td>\n<\/tr>\n<tr>\n<td>KBL04FR\/S<br \/>\n<a href=\"https:\/\/kolver.it\/upl\/KBL%204-15FR%20drawing.PDF\" target=\"_blank\" rel=\"noopener noreferrer\"><img loading=\"lazy\" title=\"KBL 4-15FR drawing\" src=\"https:\/\/kolver.it\/images\/icons\/acrobat_icon.gif\" alt=\"KBL 4-15FR drawing\" width=\"16\" height=\"16\" \/><\/a>\u00a0<a href=\"https:\/\/kolver.it\/upl\/Manual%20KBL%20ITA%20ENG.pdf\" target=\"_blank\" rel=\"noopener noreferrer\"><img loading=\"lazy\" title=\"Manual KBL ITA ENG\" src=\"https:\/\/kolver.it\/images\/icons\/acrobat_icon.gif\" alt=\"Manual KBL ITA ENG\" width=\"16\" height=\"16\" \/><\/a><\/td>\n<td>190004\/S<\/td>\n<td>0,04 &#8211; 0,4<\/td>\n<td>650 &#8211; 1000<\/td>\n<td>255 x 37<\/td>\n<td>0,50<\/td>\n<td>EDU1BL\/SG<\/td>\n<\/tr>\n<tr>\n<td>KBL15FR\/S<br \/>\n<a href=\"https:\/\/kolver.it\/upl\/KBL%204-15FR%20drawing.PDF\" target=\"_blank\" rel=\"noopener noreferrer\"><img loading=\"lazy\" title=\"KBL 4-15FR drawing\" src=\"https:\/\/kolver.it\/images\/icons\/acrobat_icon.gif\" alt=\"KBL 4-15FR drawing\" width=\"16\" height=\"16\" \/><\/a>\u00a0<a href=\"https:\/\/kolver.it\/upl\/Manual%20KBL%20ITA%20ENG.pdf\" target=\"_blank\" rel=\"noopener noreferrer\"><img loading=\"lazy\" title=\"Manual KBL ITA ENG\" src=\"https:\/\/kolver.it\/images\/icons\/acrobat_icon.gif\" alt=\"Manual KBL ITA ENG\" width=\"16\" height=\"16\" \/><\/a><\/td>\n<td>190015\/S<\/td>\n<td>0,4 &#8211; 1,5<\/td>\n<td>650 &#8211; 1000<\/td>\n<td>255 x 37<\/td>\n<td>0,50<\/td>\n<td>EDU1BL\/SG<\/td>\n<\/tr>\n<tr>\n<td>KBL30FR\/S<br \/>\n<a href=\"https:\/\/kolver.it\/upl\/KBL%2030FR_CA%20drawing.PDF\" target=\"_blank\" rel=\"noopener noreferrer\"><img loading=\"lazy\" title=\"KBL 30FR_CA drawing\" src=\"https:\/\/kolver.it\/images\/icons\/acrobat_icon.gif\" alt=\"KBL 30FR_CA drawing\" width=\"16\" height=\"16\" \/><\/a>\u00a0<a href=\"https:\/\/kolver.it\/upl\/Manual%20KBL%20ITA%20ENG.pdf\" target=\"_blank\" rel=\"noopener noreferrer\"><img loading=\"lazy\" title=\"Manual KBL ITA ENG\" src=\"https:\/\/kolver.it\/images\/icons\/acrobat_icon.gif\" alt=\"Manual KBL ITA ENG\" width=\"16\" height=\"16\" \/><\/a><\/td>\n<td>190030\/S<\/td>\n<td>0,7 &#8211; 3,0<\/td>\n<td>650 &#8211; 1000<\/td>\n<td>268 x 43<\/td>\n<td>0,65<\/td>\n<td>EDU1BL\/SG<\/td>\n<\/tr>\n<tr>\n<td>KBL40FR\/S<br \/>\n<a href=\"https:\/\/kolver.it\/upl\/KBL40FR%20dimensional%20drawing.pdf\" target=\"_blank\" rel=\"noopener noreferrer\"><img loading=\"lazy\" title=\"KBL40FR dimensional drawing\" src=\"https:\/\/kolver.it\/images\/icons\/acrobat_icon.gif\" alt=\"KBL40FR dimensional drawing\" width=\"16\" height=\"16\" \/><\/a>\u00a0<a href=\"https:\/\/kolver.it\/upl\/Manual%20KBL%20ITA%20ENG.pdf\" target=\"_blank\" rel=\"noopener noreferrer\"><img loading=\"lazy\" title=\"Manual KBL ITA ENG\" src=\"https:\/\/kolver.it\/images\/icons\/acrobat_icon.gif\" alt=\"Manual KBL ITA ENG\" width=\"16\" height=\"16\" \/><\/a><\/td>\n<td>190040\/S<\/td>\n<td>0,9-4,0<\/td>\n<td>450-750<\/td>\n<td>268 x 43<\/td>\n<td>0,65<\/td>\n<td>EDU1BL\/SG<\/td>\n<\/tr>\n<tr>\n<td>KBL04FR\/AR<br \/>\n<a href=\"https:\/\/kolver.it\/upl\/KBL%204-15FR%20drawing.PDF\" target=\"_blank\" rel=\"noopener noreferrer\"><img loading=\"lazy\" title=\"KBL 4-15FR drawing\" src=\"https:\/\/kolver.it\/images\/icons\/acrobat_icon.gif\" alt=\"KBL 4-15FR drawing\" width=\"16\" height=\"16\" \/><\/a>\u00a0<a href=\"https:\/\/kolver.it\/upl\/Manual%20KBL%20ITA%20ENG.pdf\" target=\"_blank\" rel=\"noopener noreferrer\"><img loading=\"lazy\" title=\"Manual KBL ITA ENG\" src=\"https:\/\/kolver.it\/images\/icons\/acrobat_icon.gif\" alt=\"Manual KBL ITA ENG\" width=\"16\" height=\"16\" \/><\/a><\/td>\n<td>190004\/AR<\/td>\n<td>0,04 &#8211; 0,4<\/td>\n<td>650 &#8211; 1000<\/td>\n<td>255 x 37<\/td>\n<td>0,50<\/td>\n<td>EDU1BL &amp; EDU1FR<\/td>\n<\/tr>\n<tr>\n<td>KBL15FR\/AR<br \/>\n<a href=\"https:\/\/kolver.it\/upl\/KBL%204-15FR%20drawing.PDF\" target=\"_blank\" rel=\"noopener noreferrer\"><img loading=\"lazy\" title=\"KBL 4-15FR drawing\" src=\"https:\/\/kolver.it\/images\/icons\/acrobat_icon.gif\" alt=\"KBL 4-15FR drawing\" width=\"16\" height=\"16\" \/><\/a>\u00a0<a href=\"https:\/\/kolver.it\/upl\/Manual%20KBL%20ITA%20ENG.pdf\" target=\"_blank\" rel=\"noopener noreferrer\"><img loading=\"lazy\" title=\"Manual KBL ITA ENG\" src=\"https:\/\/kolver.it\/images\/icons\/acrobat_icon.gif\" alt=\"Manual KBL ITA ENG\" width=\"16\" height=\"16\" \/><\/a><\/td>\n<td>190015\/AR<\/td>\n<td>0,4 &#8211; 1,5<\/td>\n<td>650 &#8211; 1000<\/td>\n<td>255 x 37<\/td>\n<td>0,50<\/td>\n<td>EDU1BL &amp; EDU1FR<\/td>\n<\/tr>\n<tr>\n<td>KBL30FR\/AR<br \/>\n<a href=\"https:\/\/kolver.it\/upl\/KBL%2030FR%20drawing.PDF\" target=\"_blank\" rel=\"noopener noreferrer\"><img loading=\"lazy\" title=\"KBL 30FR drawing\" src=\"https:\/\/kolver.it\/images\/icons\/acrobat_icon.gif\" alt=\"KBL 30FR drawing\" width=\"16\" height=\"16\" \/><\/a>\u00a0<a href=\"https:\/\/kolver.it\/upl\/Manual%20KBL%20ITA%20ENG.pdf\" target=\"_blank\" rel=\"noopener noreferrer\"><img loading=\"lazy\" title=\"Manual KBL ITA ENG\" src=\"https:\/\/kolver.it\/images\/icons\/acrobat_icon.gif\" alt=\"Manual KBL ITA ENG\" width=\"16\" height=\"16\" \/><\/a><\/td>\n<td>190030\/AR<\/td>\n<td>0,7 &#8211; 3,0<\/td>\n<td>650 &#8211; 1000<\/td>\n<td>268 x 43<\/td>\n<td>0,65<\/td>\n<td>EDU1BL &amp; EDU1FR<\/td>\n<\/tr>\n<tr>\n<td>KBL40FR\/AR<br \/>\n<a href=\"https:\/\/kolver.it\/upl\/KBL40FR%20dimensional%20drawing.pdf\" target=\"_blank\" rel=\"noopener noreferrer\"><img loading=\"lazy\" title=\"KBL40FR dimensional drawing\" src=\"https:\/\/kolver.it\/images\/icons\/acrobat_icon.gif\" alt=\"KBL40FR dimensional drawing\" width=\"16\" height=\"16\" \/><\/a>\u00a0<a href=\"https:\/\/kolver.it\/upl\/Manual%20KBL%20ITA%20ENG.pdf\" target=\"_blank\" rel=\"noopener noreferrer\"><img loading=\"lazy\" title=\"Manual KBL ITA ENG\" src=\"https:\/\/kolver.it\/images\/icons\/acrobat_icon.gif\" alt=\"Manual KBL ITA ENG\" width=\"16\" height=\"16\" \/><\/a><\/td>\n<td>190040\/AR<\/td>\n<td>0,9-4,0<\/td>\n<td>450-750<\/td>\n<td>268 x 43<\/td>\n<td>0,65<\/td>\n<td>EDU1BL &amp; EDU1FR<\/td>\n<\/tr>\n<tr>\n<td>KBL04FR\/S\/AR<br \/>\n<a href=\"https:\/\/kolver.it\/upl\/KBL%204-15FR%20drawing.PDF\" target=\"_blank\" rel=\"noopener noreferrer\"><img loading=\"lazy\" title=\"KBL 4-15FR drawing\" src=\"https:\/\/kolver.it\/images\/icons\/acrobat_icon.gif\" alt=\"KBL 4-15FR drawing\" width=\"16\" height=\"16\" \/><\/a>\u00a0<a href=\"https:\/\/kolver.it\/upl\/Manual%20KBL%20ITA%20ENG.pdf\" target=\"_blank\" rel=\"noopener noreferrer\"><img loading=\"lazy\" title=\"Manual KBL ITA ENG\" src=\"https:\/\/kolver.it\/images\/icons\/acrobat_icon.gif\" alt=\"Manual KBL ITA ENG\" width=\"16\" height=\"16\" \/><\/a><\/td>\n<td>190004\/S\/AR<\/td>\n<td>0,04 &#8211; 0,4<\/td>\n<td>650 &#8211; 1000<\/td>\n<td>255 x 37<\/td>\n<td>0,50<\/td>\n<td>EDU1BL\/SG<\/td>\n<\/tr>\n<tr>\n<td>KBL15FR\/S\/AR<br \/>\n<a href=\"https:\/\/kolver.it\/upl\/KBL%204-15FR%20drawing.PDF\" target=\"_blank\" rel=\"noopener noreferrer\"><img loading=\"lazy\" title=\"KBL 4-15FR drawing\" src=\"https:\/\/kolver.it\/images\/icons\/acrobat_icon.gif\" alt=\"KBL 4-15FR drawing\" width=\"16\" height=\"16\" \/><\/a>\u00a0<a href=\"https:\/\/kolver.it\/upl\/Manual%20KBL%20ITA%20ENG.pdf\" target=\"_blank\" rel=\"noopener noreferrer\"><img loading=\"lazy\" title=\"Manual KBL ITA ENG\" src=\"https:\/\/kolver.it\/images\/icons\/acrobat_icon.gif\" alt=\"Manual KBL ITA ENG\" width=\"16\" height=\"16\" \/><\/a><\/td>\n<td>190015\/S\/AR<\/td>\n<td>0,4 &#8211; 1,5<\/td>\n<td>650 &#8211; 1000<\/td>\n<td>255 x 37<\/td>\n<td>0,50<\/td>\n<td>EDU1BL\/SG<\/td>\n<\/tr>\n<tr>\n<td>KBL30FR\/S\/AR<br \/>\n<a href=\"https:\/\/kolver.it\/upl\/KBL%2030FR_CA%20drawing.PDF\" target=\"_blank\" rel=\"noopener noreferrer\"><img loading=\"lazy\" title=\"KBL 30FR_CA drawing\" src=\"https:\/\/kolver.it\/images\/icons\/acrobat_icon.gif\" alt=\"KBL 30FR_CA drawing\" width=\"16\" height=\"16\" \/><\/a>\u00a0<a href=\"https:\/\/kolver.it\/upl\/Manual%20KBL%20ITA%20ENG.pdf\" target=\"_blank\" rel=\"noopener noreferrer\"><img loading=\"lazy\" title=\"Manual KBL ITA ENG\" src=\"https:\/\/kolver.it\/images\/icons\/acrobat_icon.gif\" alt=\"Manual KBL ITA ENG\" width=\"16\" height=\"16\" \/><\/a><\/td>\n<td>190030\/S\/AR<\/td>\n<td>0,7 &#8211; 3,0<\/td>\n<td>650 &#8211; 1000<\/td>\n<td>268 x 43<\/td>\n<td>0,65<\/td>\n<td>EDU1BL\/SG<\/td>\n<\/tr>\n<tr>\n<td>KBL40FR\/S\/AR<br \/>\n<a href=\"https:\/\/kolver.it\/upl\/KBL40FR%20dimensional%20drawing.pdf\" target=\"_blank\" rel=\"noopener noreferrer\"><img loading=\"lazy\" title=\"KBL40FR dimensional drawing\" src=\"https:\/\/kolver.it\/images\/icons\/acrobat_icon.gif\" alt=\"KBL40FR dimensional drawing\" width=\"16\" height=\"16\" \/><\/a>\u00a0<a href=\"https:\/\/kolver.it\/upl\/Manual%20KBL%20ITA%20ENG.pdf\" target=\"_blank\" rel=\"noopener noreferrer\"><img loading=\"lazy\" title=\"Manual KBL ITA ENG\" src=\"https:\/\/kolver.it\/images\/icons\/acrobat_icon.gif\" alt=\"Manual KBL ITA ENG\" width=\"16\" height=\"16\" \/><\/a><\/td>\n<td>190040\/S\/AR<\/td>\n<td>0,9-4,0<\/td>\n<td>450-750<\/td>\n<td>268 x 43<\/td>\n<td>0,65<\/td>\n<td>EDU1BL\/SG<\/td>\n<\/tr>\n<\/tbody>\n<\/table>\n","protected":false},"excerpt":{"rendered":"<div class=\"column_attr\"><a class=\"button button_left button_blue button_js kill_the_icon\" href=\"https:\/\/kolver.it\/upl\/Catalog%20-%20KBL%20Screwdrivers.pdf\" target=\"_blank\" rel=\"noopener noreferrer\"><span class=\"button_label\">CATALOG &#8211; KBL SCREWDRIVERS<\/span><\/a><br \/>\n<a class=\"button button_left button_blue button_js kill_the_icon\" href=\"https:\/\/kolver.it\/upl\/Test%20for%20Electrical%20Characteristics%20-%20Kolver%20Screwdrivers.pdf\" target=\"_blank\" rel=\"noopener noreferrer\"><i class=\"icon-chart-line\"><\/i><span class=\"button_label\">TEST FOR ELECTRICAL CHARACTERISTICS<\/span><\/a><br \/>\n<a class=\"button button_left button_blue button_js kill_the_icon\" href=\"https:\/\/kolver.it\/upl\/MANUAL%20-%20KBL%20SERIES.pdf\" target=\"_blank\" rel=\"noopener noreferrer\"><i class=\"icon-info\"><\/i><span class=\"button_label\">MANUAL &#8211; KBL SERIES<\/span><\/a><br \/>\n<a class=\"button button_left button_blue button_js kill_the_icon\" href=\"https:\/\/kolver.it\/upl\/Sicurezza_Warning%20(1).pdf\" target=\"_blank\" rel=\"noopener noreferrer\"><i class=\"icon-info\"><\/i><span class=\"button_label\">SAFETY INSTRUCTIONS<\/span><\/a><\/div>\n","protected":false},"featured_media":2891,"comment_status":"open","ping_status":"closed","template":"","meta":[],"product_cat":[15],"product_tag":[],"_links":{"self":[{"href":"https:\/\/kolver-turkiye.com\/index.php?rest_route=\/wp\/v2\/product\/2890"}],"collection":[{"href":"https:\/\/kolver-turkiye.com\/index.php?rest_route=\/wp\/v2\/product"}],"about":[{"href":"https:\/\/kolver-turkiye.com\/index.php?rest_route=\/wp\/v2\/types\/product"}],"replies":[{"embeddable":true,"href":"https:\/\/kolver-turkiye.com\/index.php?rest_route=%2Fwp%2Fv2%2Fcomments&post=2890"}],"wp:featuredmedia":[{"embeddable":true,"href":"https:\/\/kolver-turkiye.com\/index.php?rest_route=\/wp\/v2\/media\/2891"}],"wp:attachment":[{"href":"https:\/\/kolver-turkiye.com\/index.php?rest_route=%2Fwp%2Fv2%2Fmedia&parent=2890"}],"wp:term":[{"taxonomy":"product_cat","embeddable":true,"href":"https:\/\/kolver-turkiye.com\/index.php?rest_route=%2Fwp%2Fv2%2Fproduct_cat&post=2890"},{"taxonomy":"product_tag","embeddable":true,"href":"https:\/\/kolver-turkiye.com\/index.php?rest_route=%2Fwp%2Fv2%2Fproduct_tag&post=2890"}],"curies":[{"name":"wp","href":"https:\/\/api.w.org\/{rel}","templated":true}]}}