{"id":2886,"date":"2020-01-05T19:46:24","date_gmt":"2020-01-05T19:46:24","guid":{"rendered":"https:\/\/kolver-turkiye.com\/?post_type=product&#038;p=2886"},"modified":"2024-05-14T13:35:17","modified_gmt":"2024-05-14T13:35:17","slug":"raf-series","status":"publish","type":"product","link":"https:\/\/kolver-turkiye.com\/?product=raf-series","title":{"rendered":"RAF Serisi"},"content":{"rendered":"<p><span>RAF tornavidalar, g\u00fcn\u00fcm\u00fcz\u00fcn do\u011fruluk ve genel performans beklentilerini kar\u015f\u0131lamak i\u00e7in tork kontrol\u00fcndeki en son teknolojiyi kullanarak tasarlanm\u0131\u015ft\u0131r.\u00a0Ergonomik ve ESD tornavidalara olan ihtiya\u00e7 artt\u0131k\u00e7a, KOLVER RAF serisi, karpal t\u00fcnel sendromu vakalar\u0131n\u0131 azaltmak i\u00e7in yenilik\u00e7i g\u00f6vde tasar\u0131m\u0131 ve elektrostatik bo\u015falmay\u0131 \u00f6nlemek ve \u00f6nlemek i\u00e7in SP Metodu 2472&#8217;ye g\u00f6re sertifikal\u0131 ESD onay\u0131 sunar.\u00a0H\u0131z ve \u00e7al\u0131\u015ft\u0131rma se\u00e7eneklerine sahip geni\u015f tork aral\u0131\u011f\u0131, M5 vidalar\u0131na kadar \u00f6zel uygulaman\u0131z i\u00e7in uygun aleti bulman\u0131z\u0131 sa\u011flar.<\/span><br \/>\n<span>T\u00fcm modeller ekstra \u00fccret \u00f6demeden standart olarak ESD g\u00fcvenlidir.<\/span><\/p>\n<p><span>\u00d6NEML\u0130: Nominal maksimum torkta bir tornavida kullan\u0131lmas\u0131, karbon f\u0131r\u00e7alar, debriyaj yay\u0131 ve \u00fcst debriyajdan erken y\u0131pranmaya neden olur.\u00a0Tork aral\u0131\u011f\u0131n\u0131n% 80&#8217;inden fazla s\u00fcrekli kullan\u0131lmas\u0131 \u00f6nerilmez.<\/span><\/p>\n<p>&nbsp;<\/p>\n<table>\n<thead class=\"hidden-xs hidden-sm\">\n<tr>\n<th><span>model<\/span><\/th>\n<th><span>kod<\/span><\/th>\n<th><span>Kapasite<\/span><\/th>\n<th><span>Tork Nm<\/span><\/th>\n<th><span>Maks. RPM<\/span><\/th>\n<th><span>U x \u00d8 mm<\/span><\/th>\n<th><span>Ba\u015flat se\u00e7ene\u011fi<\/span><\/th>\n<th><span>A\u011f\u0131rl\u0131k (kg.<\/span><\/th>\n<th><span>kontrol\u00f6r<\/span><\/th>\n<th><span>Konut se\u00e7ene\u011fi<\/span><\/th>\n<\/tr>\n<\/thead>\n<tbody>\n<tr>\n<td><span>RAF32NS \/ FR<\/span><br \/>\n<a href=\"https:\/\/kolver.it\/upl\/ingombri%20RAFxx.PDF\" target=\"_blank\" rel=\"noopener noreferrer\"><img loading=\"lazy\" title=\"ingombri RAFxx\" src=\"https:\/\/kolver.it\/images\/icons\/acrobat_icon.gif\" alt=\"ingombri RAFxx\" width=\"16\" height=\"16\" \/><\/a><\/td>\n<td><span>120.032 \/ FR<\/span><\/td>\n<td><span>M5<\/span><\/td>\n<td><span>0,7 &#8211; 3,2<\/span><\/td>\n<td><span>1000<\/span><\/td>\n<td><span>259 x 40<\/span><\/td>\n<td><span>Kald\u0131ra\u00e7<\/span><\/td>\n<td><span>0,65<\/span><\/td>\n<td><span>EDU1FR<\/span><\/td>\n<td><span>\u00c7izgide<\/span><\/td>\n<\/tr>\n<tr>\n<td><span>RAF32PS \/ FR<\/span><br \/>\n<a href=\"https:\/\/kolver.it\/upl\/ingombri%20RAFxx.PDF\" target=\"_blank\" rel=\"noopener noreferrer\"><img loading=\"lazy\" title=\"ingombri RAFxx\" src=\"https:\/\/kolver.it\/images\/icons\/acrobat_icon.gif\" alt=\"ingombri RAFxx\" width=\"16\" height=\"16\" \/><\/a><\/td>\n<td><span>122.032 \/ FR<\/span><\/td>\n<td><span>M5<\/span><\/td>\n<td><span>0,7 &#8211; 3,2<\/span><\/td>\n<td><span>1000<\/span><\/td>\n<td><span>269 \u200b\u200bx 40<\/span><\/td>\n<td><span>it<\/span><\/td>\n<td><span>0,65<\/span><\/td>\n<td><span>EDU1FR<\/span><\/td>\n<td><span>\u00c7izgide<\/span><\/td>\n<\/tr>\n<tr>\n<td><span>RAF32PP \/ FR<\/span><br \/>\n<a href=\"https:\/\/kolver.it\/upl\/Dimensional_Drawing_Pistol_Screwdrivers.pdf\" target=\"_blank\" rel=\"noopener noreferrer\"><img loading=\"lazy\" title=\"Dimensional_Drawing_Pistol_Screwdrivers\" src=\"https:\/\/kolver.it\/images\/icons\/acrobat_icon.gif\" alt=\"Dimensional_Drawing_Pistol_Screwdrivers\" width=\"16\" height=\"16\" \/><\/a><\/td>\n<td><span>120.033 \/ FR<\/span><\/td>\n<td><span>M5<\/span><\/td>\n<td><span>0,7 &#8211; 3,2<\/span><\/td>\n<td><span>1000<\/span><\/td>\n<td><span>220 x 159 x 44<\/span><\/td>\n<td><span>Kald\u0131ra\u00e7<\/span><\/td>\n<td><span>0,70<\/span><\/td>\n<td><span>EDU1FR<\/span><\/td>\n<td><span>Tabanca kabzas\u0131<\/span><\/td>\n<\/tr>\n<tr>\n<td><span>RAF32PP \/ FR \/ u<\/span><br \/>\n<a href=\"https:\/\/kolver.it\/upl\/Dimensional_Drawing_Pistol_Screwdrivers.pdf\" target=\"_blank\" rel=\"noopener noreferrer\"><img loading=\"lazy\" title=\"Dimensional_Drawing_Pistol_Screwdrivers\" src=\"https:\/\/kolver.it\/images\/icons\/acrobat_icon.gif\" alt=\"Dimensional_Drawing_Pistol_Screwdrivers\" width=\"16\" height=\"16\" \/><\/a><\/td>\n<td><span>120.033 \/ FR \/ u<\/span><\/td>\n<td><span>M5<\/span><\/td>\n<td><span>0,7 &#8211; 3,2<\/span><\/td>\n<td><span>1000<\/span><\/td>\n<td><span>220 x 163 x 44<\/span><\/td>\n<td><span>Kald\u0131ra\u00e7<\/span><\/td>\n<td><span>0,70<\/span><\/td>\n<td><span>EDU1FR<\/span><\/td>\n<td><span>\u00dcst konnekt\u00f6rl\u00fc tabanca kabzas\u0131<\/span><\/td>\n<\/tr>\n<tr>\n<td><span>RAF38NS \/ FR<\/span><br \/>\n<a href=\"https:\/\/kolver.it\/upl\/ingombri%20RAFxx.PDF\" target=\"_blank\" rel=\"noopener noreferrer\"><img loading=\"lazy\" title=\"ingombri RAFxx\" src=\"https:\/\/kolver.it\/images\/icons\/acrobat_icon.gif\" alt=\"ingombri RAFxx\" width=\"16\" height=\"16\" \/><\/a><\/td>\n<td><span>120.638 \/ FR<\/span><\/td>\n<td><span>M5<\/span><\/td>\n<td><span>0,9 &#8211; 3,8<\/span><\/td>\n<td><span>650<\/span><\/td>\n<td><span>259 x 40<\/span><\/td>\n<td><span>Kald\u0131ra\u00e7<\/span><\/td>\n<td><span>0,65<\/span><\/td>\n<td><span>EDU1FR<\/span><\/td>\n<td><span>\u00c7izgide<\/span><\/td>\n<\/tr>\n<tr>\n<td><span>RAF38PS \/ FR<\/span><br \/>\n<a href=\"https:\/\/kolver.it\/upl\/ingombri%20RAFxx.PDF\" target=\"_blank\" rel=\"noopener noreferrer\"><img loading=\"lazy\" title=\"ingombri RAFxx\" src=\"https:\/\/kolver.it\/images\/icons\/acrobat_icon.gif\" alt=\"ingombri RAFxx\" width=\"16\" height=\"16\" \/><\/a><\/td>\n<td><span>122.638 \/ FR<\/span><\/td>\n<td><span>M5<\/span><\/td>\n<td><span>0,9 &#8211; 3,8<\/span><\/td>\n<td><span>650<\/span><\/td>\n<td><span>269 \u200b\u200bx 40<\/span><\/td>\n<td><span>it<\/span><\/td>\n<td><span>0,65<\/span><\/td>\n<td><span>EDU1FR<\/span><\/td>\n<td><span>\u00c7izgide<\/span><\/td>\n<\/tr>\n<tr>\n<td><span>RAF38PP \/ FR<\/span><br \/>\n<a href=\"https:\/\/kolver.it\/upl\/Dimensional_Drawing_Pistol_Screwdrivers.pdf\" target=\"_blank\" rel=\"noopener noreferrer\"><img loading=\"lazy\" title=\"Dimensional_Drawing_Pistol_Screwdrivers\" src=\"https:\/\/kolver.it\/images\/icons\/acrobat_icon.gif\" alt=\"Dimensional_Drawing_Pistol_Screwdrivers\" width=\"16\" height=\"16\" \/><\/a><\/td>\n<td><span>120.639 \/ FR<\/span><\/td>\n<td><span>M5<\/span><\/td>\n<td><span>0,9 &#8211; 3,8<\/span><\/td>\n<td><span>650<\/span><\/td>\n<td><span>220 x 159 x 44<\/span><\/td>\n<td><span>Kald\u0131ra\u00e7<\/span><\/td>\n<td><span>0,70<\/span><\/td>\n<td><span>EDU1FR<\/span><\/td>\n<td><span>Tabanca kabzas\u0131<\/span><\/td>\n<\/tr>\n<tr>\n<td><span>RAF38PP \/ FR \/ u<\/span><br \/>\n<a href=\"https:\/\/kolver.it\/upl\/Dimensional_Drawing_Pistol_Screwdrivers.pdf\" target=\"_blank\" rel=\"noopener noreferrer\"><img loading=\"lazy\" title=\"Dimensional_Drawing_Pistol_Screwdrivers\" src=\"https:\/\/kolver.it\/images\/icons\/acrobat_icon.gif\" alt=\"Dimensional_Drawing_Pistol_Screwdrivers\" width=\"16\" height=\"16\" \/><\/a><\/td>\n<td><span>120.639 \/ FR \/ u<\/span><\/td>\n<td><span>M5<\/span><\/td>\n<td><span>0,9 &#8211; 3,8<\/span><\/td>\n<td><span>650<\/span><\/td>\n<td><span>220 x 163 x 44<\/span><\/td>\n<td><span>Kald\u0131ra\u00e7<\/span><\/td>\n<td><span>0,70<\/span><\/td>\n<td><span>EDU1FR<\/span><\/td>\n<td><span>\u00dcst konnekt\u00f6rl\u00fc tabanca kabzas\u0131<\/span><\/td>\n<\/tr>\n<tr>\n<td><span>RAF50NS \/ FR<\/span><br \/>\n<a href=\"https:\/\/kolver.it\/upl\/ingombri%20RAFxx.PDF\" target=\"_blank\" rel=\"noopener noreferrer\"><img loading=\"lazy\" title=\"ingombri RAFxx\" src=\"https:\/\/kolver.it\/images\/icons\/acrobat_icon.gif\" alt=\"ingombri RAFxx\" width=\"16\" height=\"16\" \/><\/a><\/td>\n<td><span>120.650 \/ FR<\/span><\/td>\n<td><span>M5<\/span><\/td>\n<td><span>0,9 &#8211; 5,0<\/span><\/td>\n<td><span>700<\/span><\/td>\n<td><span>259 x 40<\/span><\/td>\n<td><span>Kald\u0131ra\u00e7<\/span><\/td>\n<td><span>0,65<\/span><\/td>\n<td><span>EDU1FR<\/span><\/td>\n<td><span>\u00c7izgide<\/span><\/td>\n<\/tr>\n<tr>\n<td><span>RAF50PS \/ FR<\/span><br \/>\n<a href=\"https:\/\/kolver.it\/upl\/ingombri%20RAFxx.PDF\" target=\"_blank\" rel=\"noopener noreferrer\"><img loading=\"lazy\" title=\"ingombri RAFxx\" src=\"https:\/\/kolver.it\/images\/icons\/acrobat_icon.gif\" alt=\"ingombri RAFxx\" width=\"16\" height=\"16\" \/><\/a><\/td>\n<td><span>122.650 \/ FR<\/span><\/td>\n<td><span>M5<\/span><\/td>\n<td><span>0,9 &#8211; 4,5<\/span><\/td>\n<td><span>700<\/span><\/td>\n<td><span>269 \u200b\u200bx 40<\/span><\/td>\n<td><span>Ba\u015flamak i\u00e7in itin<\/span><\/td>\n<td><span>0,65<\/span><\/td>\n<td><span>EDU1FR<\/span><\/td>\n<td><span>\u00c7izgide<\/span><\/td>\n<\/tr>\n<tr>\n<td><span>RAF50PP \/ FR<\/span><br \/>\n<a href=\"https:\/\/kolver.it\/upl\/Dimensional_Drawing_Pistol_Screwdrivers.pdf\" target=\"_blank\" rel=\"noopener noreferrer\"><img loading=\"lazy\" title=\"Dimensional_Drawing_Pistol_Screwdrivers\" src=\"https:\/\/kolver.it\/images\/icons\/acrobat_icon.gif\" alt=\"Dimensional_Drawing_Pistol_Screwdrivers\" width=\"16\" height=\"16\" \/><\/a><\/td>\n<td><span>120.650 \/ FR<\/span><\/td>\n<td><span>M5<\/span><\/td>\n<td><span>0,9 &#8211; 5,0<\/span><\/td>\n<td><span>700<\/span><\/td>\n<td><span>220 x 159 x 44<\/span><\/td>\n<td><span>Kald\u0131ra\u00e7<\/span><\/td>\n<td><span>0,70<\/span><\/td>\n<td><span>EDU1FR<\/span><\/td>\n<td><span>Tabanca kabzas\u0131<\/span><\/td>\n<\/tr>\n<tr>\n<td><span>RAF50PP \/ FR \/ u<\/span><br \/>\n<a href=\"https:\/\/kolver.it\/upl\/Dimensional_Drawing_Pistol_Screwdrivers.pdf\" target=\"_blank\" rel=\"noopener noreferrer\"><img loading=\"lazy\" title=\"Dimensional_Drawing_Pistol_Screwdrivers\" src=\"https:\/\/kolver.it\/images\/icons\/acrobat_icon.gif\" alt=\"Dimensional_Drawing_Pistol_Screwdrivers\" width=\"16\" height=\"16\" \/><\/a><\/td>\n<td><span>120.651 \/ FR \/ u<\/span><\/td>\n<td><span>M5<\/span><\/td>\n<td><span>0,9 &#8211; 5,0<\/span><\/td>\n<td><span>700<\/span><\/td>\n<td><span>220 x 163 x 44<\/span><\/td>\n<td><span>Kald\u0131ra\u00e7<\/span><\/td>\n<td><span>0,70<\/span><\/td>\n<td><span>EDU1FR<\/span><\/td>\n<td><span>\u00dcst konnekt\u00f6rl\u00fc tabanca kabzas\u0131<\/span><\/td>\n<\/tr>\n<\/tbody>\n<\/table>\n","protected":false},"excerpt":{"rendered":"<p><a class=\"button button_left button_blue button_js kill_the_icon\" href=\"https:\/\/kolver.it\/upl\/Catalog%20-%20FAB%20&amp;%20RAF%20Screwdrivers.pdf\" target=\"_blank\" rel=\"noopener noreferrer\"><span class=\"button_label\"><span>KATALOG &#8211; FAB VE RAF TORNAV\u0130DALAR<\/span><\/span><\/a><br \/>\n<a class=\"button button_left button_blue button_js kill_the_icon\" href=\"https:\/\/kolver.it\/upl\/MANUAL%20-%20FAB%20&amp;%20RAF%20SERIES.pdf\" target=\"_blank\" rel=\"noopener noreferrer\"><i class=\"icon-chart-line\"><\/i><span class=\"button_label\"><span>MANUEL &#8211; FAB VE RAF SER\u0130S\u0130<\/span><\/span><\/a><br \/>\n<a class=\"button button_left button_blue button_js kill_the_icon\" href=\"https:\/\/kolver.it\/upl\/Sicurezza_Warning%20(1).pdf\" target=\"_blank\" rel=\"noopener noreferrer\"><i class=\"icon-info\"><\/i><span class=\"button_label\"><span>G\u00dcVENL\u0130K TAL\u0130MATLARI<\/span><\/span><\/a><\/p>\n","protected":false},"featured_media":2887,"comment_status":"open","ping_status":"closed","template":"","meta":[],"product_cat":[15],"product_tag":[],"_links":{"self":[{"href":"https:\/\/kolver-turkiye.com\/index.php?rest_route=\/wp\/v2\/product\/2886"}],"collection":[{"href":"https:\/\/kolver-turkiye.com\/index.php?rest_route=\/wp\/v2\/product"}],"about":[{"href":"https:\/\/kolver-turkiye.com\/index.php?rest_route=\/wp\/v2\/types\/product"}],"replies":[{"embeddable":true,"href":"https:\/\/kolver-turkiye.com\/index.php?rest_route=%2Fwp%2Fv2%2Fcomments&post=2886"}],"wp:featuredmedia":[{"embeddable":true,"href":"https:\/\/kolver-turkiye.com\/index.php?rest_route=\/wp\/v2\/media\/2887"}],"wp:attachment":[{"href":"https:\/\/kolver-turkiye.com\/index.php?rest_route=%2Fwp%2Fv2%2Fmedia&parent=2886"}],"wp:term":[{"taxonomy":"product_cat","embeddable":true,"href":"https:\/\/kolver-turkiye.com\/index.php?rest_route=%2Fwp%2Fv2%2Fproduct_cat&post=2886"},{"taxonomy":"product_tag","embeddable":true,"href":"https:\/\/kolver-turkiye.com\/index.php?rest_route=%2Fwp%2Fv2%2Fproduct_tag&post=2886"}],"curies":[{"name":"wp","href":"https:\/\/api.w.org\/{rel}","templated":true}]}}