{"id":2880,"date":"2020-01-05T19:21:10","date_gmt":"2020-01-05T19:21:10","guid":{"rendered":"https:\/\/kolver-turkiye.com\/?post_type=product&#038;p=2880"},"modified":"2025-12-09T18:56:31","modified_gmt":"2025-12-09T18:56:31","slug":"fab-series","status":"publish","type":"product","link":"https:\/\/kolver-turkiye.com\/?product=fab-series","title":{"rendered":"FAB &#8211; Serisi"},"content":{"rendered":"<p>FAB tornavidalar elektronik end\u00fcstrisinde &#8220;en \u00e7ok satanlar&#8221; d\u0131r.\u00a0Hafif fakat dayan\u0131kl\u0131, kompakt fakat g\u00fc\u00e7l\u00fc olan bu \u00fcr\u00fcnler piyasadaki en iyi performans \/ a\u011f\u0131rl\u0131k oran\u0131na sahiptir.\u00a0T\u00fcm FAB modelleri, kollu veya push startl\u0131 ESD&#8217;dir.\u00a0Geli\u015fmi\u015f ergonomileri ve e\u015fsiz tork do\u011frulu\u011fu sayesinde, FAB s\u00fcr\u00fcc\u00fcleri modern montajda son teknoloji olarak kabul edilir.<br \/>\nSar\u0131 etiket, her tornavidan\u0131n ESD korumal\u0131 muhafazayla birlikte verildi\u011fini g\u00f6sterir.<br \/>\nT\u00fcm modellerle verilen ekipman:<br \/>\n&#8211; Kontrol i\u00e7in fi\u015fli 2,5 m kablo<br \/>\n&#8211; Tork tepkimesi yok<\/p>\n<p>\u00d6NEML\u0130: Nominal maksimum torkta bir tornavida kullan\u0131lmas\u0131, karbon f\u0131r\u00e7alar, debriyaj yay\u0131 ve \u00fcst debriyajdan erken y\u0131pranmaya neden olur.\u00a0Tork aral\u0131\u011f\u0131n\u0131n% 80&#8217;inden fazla s\u00fcrekli kullan\u0131lmas\u0131 \u00f6nerilmez.<\/p>\n<div class=\"column one column_column clearfix\">\n<div class=\"column one-third column_column\">\n<aside id=\"widget_mfn_login-2\" class=\"widget widget_mfn_login\">\n<div class=\"mfn-login\"><\/div>\n<\/aside>\n<\/div>\n<\/div>\n<div class=\"column one column_column\">\n<div class=\"column_attr \">\n<div class=\"noRespo dima-data-table-wrap hide-mobile\">\n<table>\n<thead class=\"hidden-xs hidden-sm\">\n<tr>\n<th>model<\/th>\n<th>kod<\/th>\n<th>Kapasite<\/th>\n<th>Tork Nm<\/th>\n<th>Maks. RPM<\/th>\n<th>U x \u00d8 mm<\/th>\n<th>Ba\u015flat se\u00e7ene\u011fi<\/th>\n<th>A\u011f\u0131rl\u0131k (kg.<\/th>\n<th>kontrol\u00f6r<\/th>\n<th>Konut se\u00e7ene\u011fi<\/th>\n<\/tr>\n<\/thead>\n<tbody>\n<tr>\n<td>FAB10RE \/ FR<br \/>\n<a href=\"https:\/\/kolver.it\/upl\/Ingombri%20FABxx.PDF\" target=\"_blank\" rel=\"noopener noreferrer\"><img loading=\"lazy\" title=\"Ingombri FABxx\" src=\"https:\/\/kolver.it\/images\/icons\/acrobat_icon.gif\" alt=\"Ingombri FABxx\" width=\"16\" height=\"16\" \/><\/a>\u00a0<a href=\"https:\/\/kolver.it\/upl\/Manual%20FAB%20RAF%201FR%20ITA%20ENG.pdf\" target=\"_blank\" rel=\"noopener noreferrer\"><img loading=\"lazy\" title=\"El Kitab\u0131 FAB RAF 1FR ITA ENG\" src=\"https:\/\/kolver.it\/images\/icons\/acrobat_icon.gif\" alt=\"El Kitab\u0131 FAB RAF 1FR ITA ENG\" width=\"16\" height=\"16\" \/><\/a><\/td>\n<td>110010 \/ FR<\/td>\n<td>M 2,5<\/td>\n<td>0,05 &#8211; 0,8<\/td>\n<td>1000<\/td>\n<td>237 x 33<\/td>\n<td>Kald\u0131ra\u00e7<\/td>\n<td>0,48<\/td>\n<td>EDU1FR<\/td>\n<td>\u00c7izgide<\/td>\n<\/tr>\n<tr>\n<td>FAB12RE \/ FR<br \/>\n<a href=\"https:\/\/kolver.it\/upl\/Ingombri%20FABxx.PDF\" target=\"_blank\" rel=\"noopener noreferrer\"><img loading=\"lazy\" title=\"Ingombri FABxx\" src=\"https:\/\/kolver.it\/images\/icons\/acrobat_icon.gif\" alt=\"Ingombri FABxx\" width=\"16\" height=\"16\" \/><\/a>\u00a0<a href=\"https:\/\/kolver.it\/upl\/Manual%20FAB%20RAF%201FR%20ITA%20ENG.pdf\" target=\"_blank\" rel=\"noopener noreferrer\"><img loading=\"lazy\" title=\"El Kitab\u0131 FAB RAF 1FR ITA ENG\" src=\"https:\/\/kolver.it\/images\/icons\/acrobat_icon.gif\" alt=\"El Kitab\u0131 FAB RAF 1FR ITA ENG\" width=\"16\" height=\"16\" \/><\/a><\/td>\n<td>110.012 \/ FR<\/td>\n<td>M3<\/td>\n<td>0,2 &#8211; 1,2<\/td>\n<td>1000<\/td>\n<td>237 x 33<\/td>\n<td>Kald\u0131ra\u00e7<\/td>\n<td>0,48<\/td>\n<td>EDU1FR<\/td>\n<td>\u00c7izgide<\/td>\n<\/tr>\n<tr>\n<td>FAB12PS \/ FR<br \/>\n<a href=\"https:\/\/kolver.it\/upl\/Ingombri%20FABxx.PDF\" target=\"_blank\" rel=\"noopener noreferrer\"><img loading=\"lazy\" title=\"Ingombri FABxx\" src=\"https:\/\/kolver.it\/images\/icons\/acrobat_icon.gif\" alt=\"Ingombri FABxx\" width=\"16\" height=\"16\" \/><\/a>\u00a0<a href=\"https:\/\/kolver.it\/upl\/Manual%20FAB%20RAF%201FR%20ITA%20ENG.pdf\" target=\"_blank\" rel=\"noopener noreferrer\"><img loading=\"lazy\" title=\"El Kitab\u0131 FAB RAF 1FR ITA ENG\" src=\"https:\/\/kolver.it\/images\/icons\/acrobat_icon.gif\" alt=\"El Kitab\u0131 FAB RAF 1FR ITA ENG\" width=\"16\" height=\"16\" \/><\/a><\/td>\n<td>112.012 \/ FR<\/td>\n<td>M3<\/td>\n<td>0,2 &#8211; 1,2<\/td>\n<td>1000<\/td>\n<td>249 x 33<\/td>\n<td>it<\/td>\n<td>0,48<\/td>\n<td>EDU1FR<\/td>\n<td>\u00c7izgide<\/td>\n<\/tr>\n<tr>\n<td>FAB12PP \/ FR<br \/>\n<a href=\"https:\/\/kolver.it\/upl\/Dimensional_Drawing_Pistol_Screwdrivers.pdf\" target=\"_blank\" rel=\"noopener noreferrer\"><img loading=\"lazy\" title=\"Dimensional_Drawing_Pistol_Screwdrivers\" src=\"https:\/\/kolver.it\/images\/icons\/acrobat_icon.gif\" alt=\"Dimensional_Drawing_Pistol_Screwdrivers\" width=\"16\" height=\"16\" \/><\/a>\u00a0<a href=\"https:\/\/kolver.it\/upl\/Manual%20FAB%20RAF%201FR%20ITA%20ENG.pdf\" target=\"_blank\" rel=\"noopener noreferrer\"><img loading=\"lazy\" title=\"El Kitab\u0131 FAB RAF 1FR ITA ENG\" src=\"https:\/\/kolver.it\/images\/icons\/acrobat_icon.gif\" alt=\"El Kitab\u0131 FAB RAF 1FR ITA ENG\" width=\"16\" height=\"16\" \/><\/a><\/td>\n<td>110013 \/ FR<\/td>\n<td>M3<\/td>\n<td>0,2 &#8211; 1,2<\/td>\n<td>1000<\/td>\n<td>220 x 159 x 44<\/td>\n<td>Kald\u0131ra\u00e7<\/td>\n<td>0,55<\/td>\n<td>EDU1FR<\/td>\n<td>Tabanca kabzas\u0131<\/td>\n<\/tr>\n<tr>\n<td>FAB12PP \/ FR \/ u<br \/>\n<a href=\"https:\/\/kolver.it\/upl\/Dimensional_Drawing_Pistol_Screwdrivers.pdf\" target=\"_blank\" rel=\"noopener noreferrer\"><img loading=\"lazy\" title=\"Dimensional_Drawing_Pistol_Screwdrivers\" src=\"https:\/\/kolver.it\/images\/icons\/acrobat_icon.gif\" alt=\"Dimensional_Drawing_Pistol_Screwdrivers\" width=\"16\" height=\"16\" \/><\/a>\u00a0<a href=\"https:\/\/kolver.it\/upl\/Manual%20FAB%20RAF%201FR%20ITA%20ENG.pdf\" target=\"_blank\" rel=\"noopener noreferrer\"><img loading=\"lazy\" title=\"El Kitab\u0131 FAB RAF 1FR ITA ENG\" src=\"https:\/\/kolver.it\/images\/icons\/acrobat_icon.gif\" alt=\"El Kitab\u0131 FAB RAF 1FR ITA ENG\" width=\"16\" height=\"16\" \/><\/a><\/td>\n<td>110013 \/ FR \/ u<\/td>\n<td>M3<\/td>\n<td>0,2 &#8211; 1,2<\/td>\n<td>1000<\/td>\n<td>220 x 163 x 44<\/td>\n<td>Kald\u0131ra\u00e7<\/td>\n<td>0,55<\/td>\n<td>EDU1FR<\/td>\n<td>\u00dcst konnekt\u00f6rl\u00fc tabanca kabzas\u0131<\/td>\n<\/tr>\n<tr>\n<td>FAB18RE \/ FR<br \/>\n<a href=\"https:\/\/kolver.it\/upl\/Ingombri%20FABxx.PDF\" target=\"_blank\" rel=\"noopener noreferrer\"><img loading=\"lazy\" title=\"Ingombri FABxx\" src=\"https:\/\/kolver.it\/images\/icons\/acrobat_icon.gif\" alt=\"Ingombri FABxx\" width=\"16\" height=\"16\" \/><\/a>\u00a0<a href=\"https:\/\/kolver.it\/upl\/Manual%20FAB%20RAF%201FR%20ITA%20ENG.pdf\" target=\"_blank\" rel=\"noopener noreferrer\"><img loading=\"lazy\" title=\"El Kitab\u0131 FAB RAF 1FR ITA ENG\" src=\"https:\/\/kolver.it\/images\/icons\/acrobat_icon.gif\" alt=\"El Kitab\u0131 FAB RAF 1FR ITA ENG\" width=\"16\" height=\"16\" \/><\/a><\/td>\n<td>110.618 \/ FR<\/td>\n<td>M4<\/td>\n<td>0,3 &#8211; 1,8<\/td>\n<td>650<\/td>\n<td>237 x 33<\/td>\n<td>Kald\u0131ra\u00e7<\/td>\n<td>0,48<\/td>\n<td>EDU1FR<\/td>\n<td>\u00c7izgide<\/td>\n<\/tr>\n<tr>\n<td>FAB18PS \/ FR<br \/>\n<a href=\"https:\/\/kolver.it\/upl\/Ingombri%20FABxx.PDF\" target=\"_blank\" rel=\"noopener noreferrer\"><img loading=\"lazy\" title=\"Ingombri FABxx\" src=\"https:\/\/kolver.it\/images\/icons\/acrobat_icon.gif\" alt=\"Ingombri FABxx\" width=\"16\" height=\"16\" \/><\/a>\u00a0<a href=\"https:\/\/kolver.it\/upl\/Manual%20FAB%20RAF%201FR%20ITA%20ENG.pdf\" target=\"_blank\" rel=\"noopener noreferrer\"><img loading=\"lazy\" title=\"El Kitab\u0131 FAB RAF 1FR ITA ENG\" src=\"https:\/\/kolver.it\/images\/icons\/acrobat_icon.gif\" alt=\"El Kitab\u0131 FAB RAF 1FR ITA ENG\" width=\"16\" height=\"16\" \/><\/a><\/td>\n<td>112.618 \/ FR<\/td>\n<td>M4<\/td>\n<td>0,3 &#8211; 1,8<\/td>\n<td>650<\/td>\n<td>249 x 33<\/td>\n<td>it<\/td>\n<td>0,55<\/td>\n<td>EDU1FR<\/td>\n<td>\u00c7izgide<\/td>\n<\/tr>\n<tr>\n<td>FAB18PP \/ FR<br \/>\n<a href=\"https:\/\/kolver.it\/upl\/Dimensional_Drawing_Pistol_Screwdrivers.pdf\" target=\"_blank\" rel=\"noopener noreferrer\"><img loading=\"lazy\" title=\"Dimensional_Drawing_Pistol_Screwdrivers\" src=\"https:\/\/kolver.it\/images\/icons\/acrobat_icon.gif\" alt=\"Dimensional_Drawing_Pistol_Screwdrivers\" width=\"16\" height=\"16\" \/><\/a>\u00a0<a href=\"https:\/\/kolver.it\/upl\/Manual%20FAB%20RAF%201FR%20ITA%20ENG.pdf\" target=\"_blank\" rel=\"noopener noreferrer\"><img loading=\"lazy\" title=\"El Kitab\u0131 FAB RAF 1FR ITA ENG\" src=\"https:\/\/kolver.it\/images\/icons\/acrobat_icon.gif\" alt=\"El Kitab\u0131 FAB RAF 1FR ITA ENG\" width=\"16\" height=\"16\" \/><\/a><\/td>\n<td>110.619 \/ FR<\/td>\n<td>M4<\/td>\n<td>0,3 &#8211; 1,8<\/td>\n<td>650<\/td>\n<td>220 x 159 x 44<\/td>\n<td>Kald\u0131ra\u00e7<\/td>\n<td>0,55<\/td>\n<td>EDU1FR<\/td>\n<td>Tabanca kabzas\u0131<\/td>\n<\/tr>\n<tr>\n<td>FAB18PP \/ FR \/ u<br \/>\n<a href=\"https:\/\/kolver.it\/upl\/Dimensional_Drawing_Pistol_Screwdrivers.pdf\" target=\"_blank\" rel=\"noopener noreferrer\"><img loading=\"lazy\" title=\"Dimensional_Drawing_Pistol_Screwdrivers\" src=\"https:\/\/kolver.it\/images\/icons\/acrobat_icon.gif\" alt=\"Dimensional_Drawing_Pistol_Screwdrivers\" width=\"16\" height=\"16\" \/><\/a>\u00a0<a href=\"https:\/\/kolver.it\/upl\/Manual%20FAB%20RAF%201FR%20ITA%20ENG.pdf\" target=\"_blank\" rel=\"noopener noreferrer\"><img loading=\"lazy\" title=\"El Kitab\u0131 FAB RAF 1FR ITA ENG\" src=\"https:\/\/kolver.it\/images\/icons\/acrobat_icon.gif\" alt=\"El Kitab\u0131 FAB RAF 1FR ITA ENG\" width=\"16\" height=\"16\" \/><\/a><\/td>\n<td>110.619 \/ FR \/ u<\/td>\n<td>M4<\/td>\n<td>0,3 &#8211; 1,8<\/td>\n<td>650<\/td>\n<td>220 x 163 x 44<\/td>\n<td>Kald\u0131ra\u00e7<\/td>\n<td>0,55<\/td>\n<td>EDU1FR<\/td>\n<td>\u00dcst konnekt\u00f6rl\u00fc tabanca kabzas\u0131<\/td>\n<\/tr>\n<\/tbody>\n<\/table>\n<\/div>\n<\/div>\n<\/div>\n","protected":false},"excerpt":{"rendered":"<div class=\"column_attr\"><a class=\"button button_left button_blue button_js kill_the_icon\" href=\"https:\/\/kolver.it\/upl\/Catalog%20-%20FAB%20&amp;%20RAF%20Screwdrivers.pdf\" target=\"_blank\" rel=\"noopener noreferrer\"><i class=\"icon-book-open\"><\/i><span class=\"button_label\">KATALOG &#8211; FAB VE RAF TORNAV\u0130DALAR<\/span><\/a><br \/>\n<a class=\"button button_left button_blue button_js kill_the_icon\" href=\"https:\/\/kolver.it\/upl\/MANUAL%20-%20FAB%20&amp;%20RAF%20SERIES.pdf\" target=\"_blank\" rel=\"noopener noreferrer\"><i class=\"icon-chart-line\"><\/i><span class=\"button_label\">MANUEL &#8211; FAB VE RAF SER\u0130S\u0130<\/span><\/a><br \/>\n<a class=\"button button_left button_blue button_js kill_the_icon\" href=\"https:\/\/kolver.it\/upl\/Sicurezza_Warning%20(1).pdf\" target=\"_blank\" rel=\"noopener noreferrer\"><i class=\"icon-info\"><\/i><span class=\"button_label\">G\u00dcVENL\u0130K TAL\u0130MATLARI<\/span><\/a><\/div>\n","protected":false},"featured_media":2881,"comment_status":"open","ping_status":"closed","template":"","meta":[],"product_cat":[15],"product_tag":[],"_links":{"self":[{"href":"https:\/\/kolver-turkiye.com\/index.php?rest_route=\/wp\/v2\/product\/2880"}],"collection":[{"href":"https:\/\/kolver-turkiye.com\/index.php?rest_route=\/wp\/v2\/product"}],"about":[{"href":"https:\/\/kolver-turkiye.com\/index.php?rest_route=\/wp\/v2\/types\/product"}],"replies":[{"embeddable":true,"href":"https:\/\/kolver-turkiye.com\/index.php?rest_route=%2Fwp%2Fv2%2Fcomments&post=2880"}],"wp:featuredmedia":[{"embeddable":true,"href":"https:\/\/kolver-turkiye.com\/index.php?rest_route=\/wp\/v2\/media\/2881"}],"wp:attachment":[{"href":"https:\/\/kolver-turkiye.com\/index.php?rest_route=%2Fwp%2Fv2%2Fmedia&parent=2880"}],"wp:term":[{"taxonomy":"product_cat","embeddable":true,"href":"https:\/\/kolver-turkiye.com\/index.php?rest_route=%2Fwp%2Fv2%2Fproduct_cat&post=2880"},{"taxonomy":"product_tag","embeddable":true,"href":"https:\/\/kolver-turkiye.com\/index.php?rest_route=%2Fwp%2Fv2%2Fproduct_tag&post=2880"}],"curies":[{"name":"wp","href":"https:\/\/api.w.org\/{rel}","templated":true}]}}