{"id":2930,"date":"2020-01-06T19:24:31","date_gmt":"2020-01-06T19:24:31","guid":{"rendered":"https:\/\/kolver-turkiye.com\/?page_id=2930"},"modified":"2020-01-06T19:24:32","modified_gmt":"2020-01-06T19:24:32","slug":"hakkimizda","status":"publish","type":"page","link":"https:\/\/kolver-turkiye.com\/?page_id=2930","title":{"rendered":"Hakk\u0131m\u0131zda"},"content":{"rendered":"\n<h1>Keten Pn\u00f6matik<\/h1>\n\n\n\n<p>Keten Pn\u00f6matik Haval\u0131 El Aletleri Otomasyon San. Tic. Ltd.\u015eti. firmas\u0131n\u0131n kurucusu olan A\u015fk\u0131n KETEN taraf\u0131ndan 01.02.1998 y\u0131l\u0131nda kurulmu\u015ftur. Kurulu\u015funun ilk y\u0131llar\u0131nda daha \u00e7ok i\u00e7 ticaret ile faaliyet g\u00f6steren \u015firketimiz ilerleyen y\u0131llarda ithalat ve ihracat konusunda a\u015fama kaydetmi\u015ftir. \u015eirketimiz Avrupa, Amerika ve Uzak Do\u011fu\u2019nun \u00f6nde gelen markalar\u0131n\u0131n distrib\u00fct\u00f6rl\u00fc\u011f\u00fcn\u00fc yapmaktad\u0131r.<\/p>\n\n\n\n<h1>Misyonumuz<\/h1>\n\n\n\n<p>Keten Pn\u00f6matik Haval\u0131 El Aletleri Otomasyon San. Tic. Ltd.\u015eirketi olarak&nbsp;\u0130novatif, ak\u0131lc\u0131, ilkeli ve sorumluluk bilinci yakla\u015f\u0131m\u0131yla de\u011ferlerine ba\u011fl\u0131 lider ve ekonomik bir \u015firket olmakt\u0131r.<\/p>\n\n\n\n<h1>Vizyonumuz<\/h1>\n\n\n\n<p>Sekt\u00f6r\u00fcn ihtiyac\u0131 do\u011frultusunda Avrupa, Amerika, Uzak Do\u011fu\u2019da bulunan lider ve g\u00fc\u00e7l\u00fc olan firmalara ait \u201cHaval\u0131 ve Elektrikli El Aletlerinin\u201d T\u00fcrkiye\u2019nin her noktas\u0131na ula\u015ft\u0131r\u0131lmas\u0131n\u0131 sa\u011flamakt\u0131r.<\/p>\n\n\n\n<ul><li>Sat\u0131\u015f \u00f6ncesi ve sonras\u0131nda hizmet devaml\u0131l\u0131\u011f\u0131n\u0131 sa\u011flamakt\u0131r.<\/li><li>En son teknolojiyi en ucuz maliyete m\u00fc\u015fterilere ula\u015ft\u0131rmakt\u0131r.<\/li><\/ul>\n","protected":false},"excerpt":{"rendered":"<p>Keten Pn\u00f6matik Keten Pn\u00f6matik Haval\u0131 El Aletleri Otomasyon San. Tic. Ltd.\u015eti. firmas\u0131n\u0131n kurucusu olan A\u015fk\u0131n KETEN taraf\u0131ndan 01.02.1998 y\u0131l\u0131nda kurulmu\u015ftur.<\/p>\n","protected":false},"author":1,"featured_media":0,"parent":0,"menu_order":0,"comment_status":"closed","ping_status":"closed","template":"","meta":[],"_links":{"self":[{"href":"https:\/\/kolver-turkiye.com\/index.php?rest_route=\/wp\/v2\/pages\/2930"}],"collection":[{"href":"https:\/\/kolver-turkiye.com\/index.php?rest_route=\/wp\/v2\/pages"}],"about":[{"href":"https:\/\/kolver-turkiye.com\/index.php?rest_route=\/wp\/v2\/types\/page"}],"author":[{"embeddable":true,"href":"https:\/\/kolver-turkiye.com\/index.php?rest_route=\/wp\/v2\/users\/1"}],"replies":[{"embeddable":true,"href":"https:\/\/kolver-turkiye.com\/index.php?rest_route=%2Fwp%2Fv2%2Fcomments&post=2930"}],"version-history":[{"count":1,"href":"https:\/\/kolver-turkiye.com\/index.php?rest_route=\/wp\/v2\/pages\/2930\/revisions"}],"predecessor-version":[{"id":2931,"href":"https:\/\/kolver-turkiye.com\/index.php?rest_route=\/wp\/v2\/pages\/2930\/revisions\/2931"}],"wp:attachment":[{"href":"https:\/\/kolver-turkiye.com\/index.php?rest_route=%2Fwp%2Fv2%2Fmedia&parent=2930"}],"curies":[{"name":"wp","href":"https:\/\/api.w.org\/{rel}","templated":true}]}}